{"id":540,"date":"2024-09-18T13:36:20","date_gmt":"2024-09-18T13:36:20","guid":{"rendered":"https:\/\/agatagajewska.stronazen.pl\/?post_type=product&#038;p=540"},"modified":"2024-09-18T13:36:20","modified_gmt":"2024-09-18T13:36:20","slug":"badaj-nie-zgaduj-interpretacja-wynikow-badan-kalu","status":"publish","type":"product","link":"https:\/\/agatagajewska.stronazen.pl\/index.php\/produkt\/badaj-nie-zgaduj-interpretacja-wynikow-badan-kalu\/","title":{"rendered":"Badaj, nie zgaduj \u2013 interpretacja wynik\u00f3w bada\u0144 ka\u0142u"},"content":{"rendered":"<p>Ebook \u201eBadaj, nie zgaduj \u2013 interpretacja wynik\u00f3w bada\u0144 ka\u0142u\u201d \u2013 Tw\u00f3j klucz do zdrowia uk\u0142adu pokarmowego<\/p>\n<p dir=\"ltr\">Zastanawiasz si\u0119, co oznaczaj\u0105 wyniki bada\u0144 ka\u0142u i jak \u015bwiadomie dba\u0107 o zdrowie ca\u0142ego uk\u0142adu pokarmowego?<br \/>\nNasz ebook \u201eBadaj, nie zgaduj\u201d to kompleksowy przewodnik, kt\u00f3ry pomo\u017ce Ci zrozumie\u0107 ka\u017cdy aspekt wynik\u00f3w bada\u0144 ka\u0142u<\/p>\n<p dir=\"ltr\">Dlaczego warto si\u0119gn\u0105\u0107 po ten ebook?<\/p>\n<ul>\n<li>Nauczysz si\u0119, jak interpretowa\u0107 r\u00f3\u017cne parametry w badaniu ka\u0142u, takie jak resztki pokarmowe, kulki t\u0142uszczu, w\u0142\u00f3kna mi\u0119sne, czy obecno\u015b\u0107 bakterii, co da Ci pe\u0142niejszy obraz kondycji Twojego uk\u0142adu pokarmowego.<\/li>\n<li>Dowiesz si\u0119, jak wa\u017cna jest r\u00f3wnowaga mikrobioty jelitowej dla zdrowia ca\u0142ego organizmu, a tak\u017ce jak interpretowa\u0107 wyniki bada\u0144 mikrobiologicznych ka\u0142u. To wiedza, kt\u00f3ra pomo\u017ce Ci zrozumie\u0107 wp\u0142yw \u201edobrych\u201d i \u201ez\u0142ych\u201d bakterii na Twoje zdrowie oraz jakie dzia\u0142ania podj\u0105\u0107, by wspiera\u0107 r\u00f3wnowag\u0119 w jelitach.<\/li>\n<li>Poznasz badania takie jak elastaza trzustkowa, test na obecno\u015b\u0107 helicobacter pylori, badanie resztek pokarmowych i inne dost\u0119pne na rynku testy. Dowiesz si\u0119, kt\u00f3re badania s\u0105\u00a0 najwa\u017cniejsze i jak wp\u0142ywaj\u0105 na zdrowie\u00a0 uk\u0142adu pokarmowego.<\/li>\n<\/ul>\n<p dir=\"ltr\">Nasz ebook obejmuje wszystkie kluczowe zagadnienia dotycz\u0105ce zdrowia uk\u0142adu pokarmowego.<\/p>\n<p dir=\"ltr\">Z ebookiem \u201eBadaj, nie zgaduj\u201d zdob\u0119dziesz wiedz\u0119, kt\u00f3ra pomo\u017ce Ci skutecznie monitorowa\u0107 i dba\u0107 o zdrowie ca\u0142ego uk\u0142adu pokarmowego, od jelit po trzustk\u0119.<\/p>\n","protected":false},"excerpt":{"rendered":"<p>Ebook \u201eBadaj, nie zgaduj \u2013 interpretacja wynik\u00f3w bada\u0144 ka\u0142u\u201d \u2013 Tw\u00f3j klucz do zdrowia uk\u0142adu pokarmowego Zastanawiasz si\u0119, co oznaczaj\u0105 wyniki bada\u0144 ka\u0142u i jak \u015bwiadomie dba\u0107 o zdrowie ca\u0142ego uk\u0142adu pokarmowego? Nasz ebook \u201eBadaj, nie zgaduj\u201d to kompleksowy przewodnik, kt\u00f3ry pomo\u017ce Ci zrozumie\u0107 ka\u017cdy aspekt wynik\u00f3w bada\u0144 ka\u0142u Dlaczego warto si\u0119gn\u0105\u0107 po ten ebook? [&hellip;]<\/p>\n","protected":false},"featured_media":543,"comment_status":"open","ping_status":"closed","template":"","meta":[],"product_brand":[],"product_cat":[15],"product_tag":[],"class_list":{"0":"post-540","1":"product","2":"type-product","3":"status-publish","4":"has-post-thumbnail","6":"product_cat-bez-kategorii","8":"first","9":"instock","10":"downloadable","11":"shipping-taxable","12":"purchasable","13":"product-type-simple"},"_links":{"self":[{"href":"https:\/\/agatagajewska.stronazen.pl\/index.php\/wp-json\/wp\/v2\/product\/540"}],"collection":[{"href":"https:\/\/agatagajewska.stronazen.pl\/index.php\/wp-json\/wp\/v2\/product"}],"about":[{"href":"https:\/\/agatagajewska.stronazen.pl\/index.php\/wp-json\/wp\/v2\/types\/product"}],"replies":[{"embeddable":true,"href":"https:\/\/agatagajewska.stronazen.pl\/index.php\/wp-json\/wp\/v2\/comments?post=540"}],"wp:featuredmedia":[{"embeddable":true,"href":"https:\/\/agatagajewska.stronazen.pl\/index.php\/wp-json\/wp\/v2\/media\/543"}],"wp:attachment":[{"href":"https:\/\/agatagajewska.stronazen.pl\/index.php\/wp-json\/wp\/v2\/media?parent=540"}],"wp:term":[{"taxonomy":"product_brand","embeddable":true,"href":"https:\/\/agatagajewska.stronazen.pl\/index.php\/wp-json\/wp\/v2\/product_brand?post=540"},{"taxonomy":"product_cat","embeddable":true,"href":"https:\/\/agatagajewska.stronazen.pl\/index.php\/wp-json\/wp\/v2\/product_cat?post=540"},{"taxonomy":"product_tag","embeddable":true,"href":"https:\/\/agatagajewska.stronazen.pl\/index.php\/wp-json\/wp\/v2\/product_tag?post=540"}],"curies":[{"name":"wp","href":"https:\/\/api.w.org\/{rel}","templated":true}]}}