{"id":712,"date":"2024-09-19T19:54:09","date_gmt":"2024-09-19T19:54:09","guid":{"rendered":"https:\/\/agatagajewska.stronazen.pl\/?page_id=712"},"modified":"2024-09-19T21:26:59","modified_gmt":"2024-09-19T21:26:59","slug":"cennik","status":"publish","type":"page","link":"https:\/\/agatagajewska.stronazen.pl\/index.php\/cennik\/","title":{"rendered":"Cennik"},"content":{"rendered":"<section class=\"bde-section-712-110 bde-section\">\n              \n  \n  \n\t\n\n  <div class=\"section-background-overlay\"><\/div>\n\n\n<div class=\"section-container\"><div class=\"bde-columns-712-111 bde-columns\"><div class=\"bde-column-712-112 bde-column\">\n  \n  \n\t\n\n\n\n\n<\/div><div class=\"bde-column-712-113 bde-column\">\n  \n  \n\t\n\n\n\n<div class=\"bde-div-712-114 bde-div\">\n              \n  \n  \n\t\n\n  <div class=\"section-background-overlay\"><\/div>\n\n\n<h1 class=\"bde-dual-heading-712-115 bde-dual-heading\">\n\n\n            <span data-style=\"primary\" class=\"dual-heading--primary  \"><\/span>\n\n            <span data-style=\"secondary\" class=\"dual-heading--secondary  js-annotate\">cennik<\/span>\n\n\n\n<\/h1>\n<\/div><div class=\"bde-div-712-116 bde-div\">\n  \n  \n\t\n\n\n\n<h3 class=\"bde-heading-712-117 bde-heading\">\nCennik konsultacji\n<\/h3><div class=\"bde-fancy-divider-712-119 bde-fancy-divider\">\n\n\n<div class=\"bde-fancy-divider__wrapper\">\n  <div class=\"bde-fancy-divider__separator   has-pattern\">\n  \t  <\/div>\n<\/div>\n\n<\/div>\n<\/div>\n<\/div><div class=\"bde-column-712-122 bde-column\">\n  \n  \n\t\n\n\n\n\n<\/div><\/div><\/div>\n<\/section><section class=\"bde-section-712-123 bde-section\">\n              \n  \n  \n\t\n\n  <div class=\"section-background-overlay\"><\/div>\n\n\n<div class=\"section-container\"><div class=\"bde-columns-712-126 bde-columns\"><div class=\"bde-column-712-127 bde-column\">\n  \n  \n\t\n\n\n\n<div class=\"bde-pricing-table-712-128 bde-pricing-table\">\n\n\n  <div class=\"bde-pricing-table__icon\">\n    <svg xmlns=\"http:\/\/www.w3.org\/2000\/svg\" id=\"Layer_1\" enable-background=\"new 0 0 480 480\" height=\"512\" viewBox=\"0 0 480 480\" width=\"512\"><path d=\"m34 317c0-28.998 22.525-56 58-56 30.88 0 56 25.12 56 56 0 28.998-22.525 56-58 56-30.88 0-56-25.12-56-56zm64 71h-14c-46.32 0-84 37.68-84 84 0 4.42 3.58 8 8 8h166c4.42 0 8-3.58 8-8 0-46.32-37.68-84-84-84zm292-15c30.88 0 56-25.12 56-56 0-28.998-22.525-56-58-56-30.88 0-56 25.12-56 56 0 28.998 22.525 56 58 56zm6 15h-14c-46.32 0-84 37.68-84 84 0 4.42 3.58 8 8 8h166c4.42 0 8-3.58 8-8 0-46.32-37.68-84-84-84zm14-336h-153c-22.06 0-40 17.94-40 40v97c0 22.06 17.94 40 40 40h17.84c10.701 20.908 31.88 33.145 54.86 33.99 5.322.533 10.378-5.725 7.46-11.56-3.56-7.14-6.19-14.67-7.81-22.43h80.65c22.06 0 40-17.94 40-40v-97c0-22.06-17.94-40-40-40zm-92.876-26.897c-5.917-14.703-20.327-25.103-37.124-25.103h-240c-22.091 0-40 17.909-40 40v115.3c0 22.05 17.94 40 40 40h63.24c-.974 11.285-4.171 22.671-9.4 33.13-2.646 5.292 1.224 11.57 7.16 11.57 24.575 0 50.855-16.273 59.48-44.7h32.533c4.439 0 8.031-3.608 8-8.048-.065-9.296-.012-32.36-.012-95.245-.001-30.928 25.071-56.007 55.999-56.007h52.662c5.624 0 9.562-5.679 7.462-10.897z\"\/><\/svg>\n  <\/div>\n\n  <div class=\"bde-pricing-table__title\" >\n    PIERWSZA KONSULTACJA\n  <\/div>\n\n\n<div class='bde-pricing-table__price-area'>\n\n  \n  <div class=\"bde-pricing-table__price-area--amount-and-period-wrapper\">\n\n    <div class=\"bde-pricing-table__price-area--amount\">\n      <span class=\"bde-pricing-table__price-area--amount-currency\" >\n        z\u0142\n      <\/span>\n      <span class=\"bde-pricing-table__price-area--amount-number\">\n        <span class=\"bde-pricing-table__price-area--amount-number-main\" >\n          600\n        <\/span>\n              <\/span>\n    <\/div>\n\n    \n  <\/div>\n\n  <\/div>\n\n\n\n  <div class=\"bde-pricing-table__description\" >\n    Podczas naszego pierwszego spotkania dok\u0142adnie om\u00f3wimy<br>\n  <\/div>\n\n  <ul class=\"bde-pricing-table__features\">\n    \n                    \n                    \n      \n      <li class=\"bde-pricing-table__features-item bde-pricing-table__features-item--included\">\n        <span class=\"bde-pricing-table__features-icon\">\n                      <svg xmlns=\"http:\/\/www.w3.org\/2000\/svg\" viewBox=\"0 0 24 24\"><path d=\"M18.71,7.21a1,1,0,0,0-1.42,0L9.84,14.67,6.71,11.53A1,1,0,1,0,5.29,13l3.84,3.84a1,1,0,0,0,1.42,0l8.16-8.16A1,1,0,0,0,18.71,7.21Z\"\/><\/svg>\n                  <\/span>\n        <span class=\"bde-pricing-table__features-text\" >\n          Analiza ankiety\n        <\/span>\n      <\/li>\n    \n                    \n                    \n      \n      <li class=\"bde-pricing-table__features-item bde-pricing-table__features-item--included\">\n        <span class=\"bde-pricing-table__features-icon\">\n                      <svg xmlns=\"http:\/\/www.w3.org\/2000\/svg\" viewBox=\"0 0 24 24\"><path d=\"M18.71,7.21a1,1,0,0,0-1.42,0L9.84,14.67,6.71,11.53A1,1,0,1,0,5.29,13l3.84,3.84a1,1,0,0,0,1.42,0l8.16-8.16A1,1,0,0,0,18.71,7.21Z\"\/><\/svg>\n                  <\/span>\n        <span class=\"bde-pricing-table__features-text\" >\n          Analiza wynik\u00f3w bada\u0144\n        <\/span>\n      <\/li>\n    \n                    \n                    \n      \n      <li class=\"bde-pricing-table__features-item bde-pricing-table__features-item--included\">\n        <span class=\"bde-pricing-table__features-icon\">\n                      <svg xmlns=\"http:\/\/www.w3.org\/2000\/svg\" viewBox=\"0 0 24 24\"><path d=\"M18.71,7.21a1,1,0,0,0-1.42,0L9.84,14.67,6.71,11.53A1,1,0,1,0,5.29,13l3.84,3.84a1,1,0,0,0,1.42,0l8.16-8.16A1,1,0,0,0,18.71,7.21Z\"\/><\/svg>\n                  <\/span>\n        <span class=\"bde-pricing-table__features-text\" >\n          Szczeg\u00f3\u0142owa konsultacja online (czas trwania: 2 godziny)\n        <\/span>\n      <\/li>\n    \n                    \n                    \n      \n      <li class=\"bde-pricing-table__features-item bde-pricing-table__features-item--included\">\n        <span class=\"bde-pricing-table__features-icon\">\n                      <svg xmlns=\"http:\/\/www.w3.org\/2000\/svg\" viewBox=\"0 0 24 24\"><path d=\"M18.71,7.21a1,1,0,0,0-1.42,0L9.84,14.67,6.71,11.53A1,1,0,1,0,5.29,13l3.84,3.84a1,1,0,0,0,1.42,0l8.16-8.16A1,1,0,0,0,18.71,7.21Z\"\/><\/svg>\n                  <\/span>\n        <span class=\"bde-pricing-table__features-text\" >\n          Otrzymasz spersonalizowane zalecenia dietetyczne i suplementacyjne dostosowane do wynik\u00f3w bada\u0144 oraz objaw\u00f3w. W razie potrzeby otrzymasz r\u00f3wnie\u017c, zalecenia dotycz\u0105ce dalszej diagnostyki\n        <\/span>\n      <\/li>\n    \n                    \n                    \n      \n      <li class=\"bde-pricing-table__features-item bde-pricing-table__features-item--included\">\n        <span class=\"bde-pricing-table__features-icon\">\n                      <svg xmlns=\"http:\/\/www.w3.org\/2000\/svg\" viewBox=\"0 0 24 24\"><path d=\"M18.71,7.21a1,1,0,0,0-1.42,0L9.84,14.67,6.71,11.53A1,1,0,1,0,5.29,13l3.84,3.84a1,1,0,0,0,1.42,0l8.16-8.16A1,1,0,0,0,18.71,7.21Z\"\/><\/svg>\n                  <\/span>\n        <span class=\"bde-pricing-table__features-text\" >\n          Wszystkie zalecenia przesy\u0142am na maila w ci\u0105gu 2 tygodni od konsultacji.\n        <\/span>\n      <\/li>\n      <\/ul>\n\n    \n                        \n                        \n    \n    \n    \n    \n            \n                    \n            \n            \n\n    \n    \n    \n    \n    \n    <a class=\"breakdance-link button-atom button-atom--primary bde-pricing-table__cta-button\" href=\"https:\/\/breakdance.com\/\" target=\"_self\" data-type=\"url\"  >\n\n    \n        <span class=\"button-atom__text\">Zapisz si\u0119<\/span>\n\n        \n        \n                <\/a>\n\n    \n\n\n<\/div>\n<\/div><div class=\"bde-column-712-129 bde-column\">\n  \n  \n\t\n\n\n\n<div class=\"bde-pricing-table-712-130 bde-pricing-table\">\n\n\n  <div class=\"bde-pricing-table__icon\">\n    <svg xmlns=\"http:\/\/www.w3.org\/2000\/svg\" id=\"Layer_1\" enable-background=\"new 0 0 512 512\" height=\"512\" viewBox=\"0 0 512 512\" width=\"512\"><g><g><g><path d=\"m377.24 12.333h-142.607c-19.719 0-36.176 14.184-39.73 32.884h-60.143c-22.309 0-40.453 18.146-40.453 40.453v63.27c0 20.876 15.895 38.108 36.218 40.232l-4.356 30.765c-.434 3.036 1.03 6.032 3.688 7.561 1.166.672 2.462 1.003 3.75 1.003 1.65 0 3.292-.543 4.646-1.61l47.64-37.498h91.474c19.703 0 36.17-14.187 39.73-32.884h9.013l47.635 37.498c1.354 1.067 2.996 1.609 4.646 1.609h.082c4.148 0 7.516-3.362 7.516-7.512 0-.75-.11-1.471-.314-2.156l-4.197-29.659c20.321-2.124 36.217-19.356 36.217-40.233v-63.27c-.003-22.307-18.147-40.453-40.455-40.453zm-99.875 162.036h-94.074c-1.688 0-3.322.566-4.646 1.61l-34.977 27.528 2.915-20.575c.307-2.152-.338-4.333-1.765-5.979-1.427-1.643-3.497-2.584-5.673-2.584h-4.386c-14.021 0-25.429-11.408-25.429-25.429v-63.27c0-14.021 11.408-25.43 25.429-25.43h59.422v24.194h-51.522c-3.874 0-7.012 3.139-7.012 7.011s3.138 7.01 7.012 7.01h51.522v17.6c0 4.842.857 9.486 2.424 13.793h-53.946c-3.874 0-7.012 3.139-7.012 7.011s3.138 7.01 7.012 7.01h62.642c7.376 7.776 17.793 12.64 29.332 12.64h67.01c-3.233 10.334-12.899 17.86-24.278 17.86zm125.303-58.314c0 14.021-11.407 25.43-25.428 25.43h-4.386c-2.177 0-4.247.941-5.674 2.584-1.426 1.646-2.07 3.827-1.765 5.979l2.91 20.574-34.971-27.528c-1.325-1.043-2.959-1.609-4.646-1.609h-94.076c-14.02 0-25.428-11.408-25.428-25.43v-63.27c0-14.021 11.408-25.429 25.428-25.429h142.608c14.021 0 25.428 11.408 25.428 25.429z\"\/><\/g><g><path d=\"m369.337 65.572h-126.804c-3.872 0-7.011-3.138-7.011-7.01s3.139-7.011 7.011-7.011h126.804c3.872 0 7.011 3.139 7.011 7.011s-3.139 7.01-7.011 7.01z\"\/><\/g><g><path d=\"m369.337 110.985h-126.804c-3.872 0-7.011-3.138-7.011-7.01s3.139-7.011 7.011-7.011h126.804c3.872 0 7.011 3.139 7.011 7.011s-3.139 7.01-7.011 7.01z\"\/><\/g><\/g><g><path d=\"m467.813 304.416c-22.878 0-41.492-18.613-41.492-41.492 0-22.876 18.614-41.492 41.492-41.492s41.492 18.615 41.492 41.492c.001 22.879-18.614 41.492-41.492 41.492zm0-68.962c-15.146 0-27.471 12.325-27.471 27.47 0 15.146 12.324 27.473 27.471 27.473s27.47-12.326 27.47-27.473c0-15.145-12.323-27.47-27.47-27.47z\"\/><\/g><path d=\"m468.571 314.721c-18.174 0-33.992 12.859-42.242 34.221l-17.791 42.543h-60.697c-13.887 0-25.185 11.299-25.185 25.186 0 6.208 2.262 11.893 6 16.287h-145.31c3.736-4.395 5.997-10.079 5.997-16.287 0-13.887-11.294-25.186-25.18-25.186h-60.701l-17.719-42.363c-8.322-21.541-24.142-34.4-42.314-34.4-23.911 0-43.36 19.445-43.36 43.35v134.586c0 3.871 3.14 7.01 7.011 7.01h72.689 352.461 72.689c3.873 0 7.011-3.139 7.011-7.01v-134.588c.001-23.904-19.45-43.349-43.359-43.349zm-381.793 132.258h338.443v38.666h-338.443zm-72.688 38.666v-127.575c0-16.172 13.161-29.328 29.339-29.328 17.518 0 26.28 17.787 29.305 25.611l19.593 46.848c1.092 2.609 3.639 4.305 6.468 4.305h65.369c6.154 0 11.159 5.01 11.159 11.164s-5.005 11.16-11.159 11.16h-77.43c-1.482 0-2.922-.285-4.279-.848-.131-.055-.266-.091-.398-.137-.133-.08-.265-.162-.405-.234-.562-.289-1.091-.629-1.582-.99-1.812-1.354-3.153-3.188-3.887-5.307-.049-.139-.103-.277-.159-.412l-22.271-53.248c-1.495-3.57-5.592-5.262-9.175-3.762-3.57 1.496-5.259 5.602-3.763 9.176l22.194 53.059c1.671 4.684 4.662 8.734 8.678 11.734.349.26.712.491 1.071.731v48.052h-58.668zm483.819 0h-58.668v-48.017c4.448-2.959 7.896-7.295 9.75-12.501l22.193-53.059c1.496-3.574-.191-7.68-3.762-9.176-3.579-1.508-7.684.191-9.176 3.762l-22.27 53.248c-.058.139-.11.273-.159.412-1.061 3.071-3.464 5.54-6.443 6.729-.119.047-.24.085-.359.128-.277.1-.559.189-.846.266-.941.254-1.91.393-2.899.393h-77.43c-6.155 0-11.164-5.006-11.164-11.16s5.009-11.164 11.164-11.164h65.365c2.828 0 5.375-1.695 6.468-4.305l19.666-47.027c2.95-7.645 11.714-25.432 29.231-25.432 16.178 0 29.338 13.156 29.338 29.328v127.575z\"\/><g><path d=\"m44.187 304.416c-22.878 0-41.488-18.613-41.488-41.492 0-22.876 18.61-41.492 41.488-41.492 22.877 0 41.492 18.615 41.492 41.492 0 22.879-18.616 41.492-41.492 41.492zm0-68.962c-15.146 0-27.467 12.325-27.467 27.47 0 15.146 12.32 27.473 27.467 27.473 15.146 0 27.471-12.326 27.471-27.473-.001-15.145-12.326-27.47-27.471-27.47z\"\/><\/g><g><path d=\"m255.849 356.963c-15.537 0-31.266-10.658-31.266-31.029v-8.85h-8.853c-20.175 0-30.731-15.74-30.731-31.289 0-8.047 2.718-15.6 7.65-21.268 5.678-6.531 13.662-9.983 23.081-9.983h8.853v-8.853c0-20.371 15.729-31.029 31.266-31.029 15.541 0 31.271 10.658 31.271 31.029v8.853h8.853c20.371 0 31.03 15.729 31.03 31.27s-10.659 31.27-31.03 31.27h-8.853v8.85c-.001 20.371-15.73 31.029-31.271 31.029zm-40.119-88.397c-5.315 0-9.521 1.736-12.501 5.164-2.674 3.072-4.206 7.471-4.206 12.064 0 6.41 3.518 17.27 16.707 17.27h15.863c3.871 0 7.011 3.137 7.011 7.01v15.859c0 11.746 8.66 17.004 17.244 17.004 8.588 0 17.249-5.258 17.249-17.004v-15.859c0-3.873 3.139-7.01 7.011-7.01h15.863c11.745 0 17.004-8.666 17.004-17.25s-5.259-17.248-17.004-17.248h-15.863c-3.872 0-7.011-3.139-7.011-7.012v-15.863c0-11.746-8.661-17.004-17.249-17.004-8.584 0-17.244 5.258-17.244 17.004v15.863c0 3.873-3.14 7.012-7.011 7.012z\"\/><\/g><\/g><\/svg>\n  <\/div>\n\n  <div class=\"bde-pricing-table__title\" >\n    KONSULTACJA KONTROLNA\n  <\/div>\n\n\n<div class='bde-pricing-table__price-area'>\n\n  \n  <div class=\"bde-pricing-table__price-area--amount-and-period-wrapper\">\n\n    <div class=\"bde-pricing-table__price-area--amount\">\n      <span class=\"bde-pricing-table__price-area--amount-currency\" >\n        z\u0142\n      <\/span>\n      <span class=\"bde-pricing-table__price-area--amount-number\">\n        <span class=\"bde-pricing-table__price-area--amount-number-main\" >\n          350\n        <\/span>\n              <\/span>\n    <\/div>\n\n    \n  <\/div>\n\n  <\/div>\n\n\n\n  <div class=\"bde-pricing-table__description\" >\n    Ka\u017cda nast\u0119pna konsultacja stanowi ju\u017c konsultacj\u0119 kontroln\u0105.\n  <\/div>\n\n  <ul class=\"bde-pricing-table__features\">\n    \n                    \n                    \n      \n      <li class=\"bde-pricing-table__features-item bde-pricing-table__features-item--included\">\n        <span class=\"bde-pricing-table__features-icon\">\n                      <svg xmlns=\"http:\/\/www.w3.org\/2000\/svg\" viewBox=\"0 0 24 24\"><path d=\"M18.71,7.21a1,1,0,0,0-1.42,0L9.84,14.67,6.71,11.53A1,1,0,1,0,5.29,13l3.84,3.84a1,1,0,0,0,1.42,0l8.16-8.16A1,1,0,0,0,18.71,7.21Z\"\/><\/svg>\n                  <\/span>\n        <span class=\"bde-pricing-table__features-text\" >\n          Konsultacja online (czas trwania: 60 minut)\n        <\/span>\n      <\/li>\n    \n                    \n                    \n      \n      <li class=\"bde-pricing-table__features-item bde-pricing-table__features-item--included\">\n        <span class=\"bde-pricing-table__features-icon\">\n                      <svg xmlns=\"http:\/\/www.w3.org\/2000\/svg\" viewBox=\"0 0 24 24\"><path d=\"M18.71,7.21a1,1,0,0,0-1.42,0L9.84,14.67,6.71,11.53A1,1,0,1,0,5.29,13l3.84,3.84a1,1,0,0,0,1.42,0l8.16-8.16A1,1,0,0,0,18.71,7.21Z\"\/><\/svg>\n                  <\/span>\n        <span class=\"bde-pricing-table__features-text\" >\n          Modyfikacja zalece\u0144 dietetyczno-suplementacyjnych w zale\u017cno\u015bci od post\u0119p\u00f3w i nowych wynik\u00f3w bada\u0144.\n        <\/span>\n      <\/li>\n      <\/ul>\n\n    \n                        \n                        \n    \n    \n    \n    \n            \n            <button type=\"button\" class=\"button-atom button-atom--primary bde-pricing-table__cta-button\"  >\n    \n        <span class=\"button-atom__text\">Zapisz si\u0119<\/span>\n\n        \n        \n            <\/button>\n    \n\n\n<\/div>\n<\/div><div class=\"bde-column-712-131 bde-column\">\n  \n  \n\t\n\n\n\n<div class=\"bde-pricing-table-712-132 bde-pricing-table\">\n\n\n  <div class=\"bde-pricing-table__icon\">\n    <svg xmlns=\"http:\/\/www.w3.org\/2000\/svg\" id=\"Capa_1\" enable-background=\"new 0 0 512 512\" viewBox=\"0 0 512 512\"><g><g><path d=\"m494.5 129.417c9.649 0 17.5-7.851 17.5-17.5v-48.7c0-9.649-7.851-17.5-17.5-17.5h-149.973v-12.577c0-12.407-10.094-22.5-22.5-22.5h-227.027c-4.143 0-7.5 3.358-7.5 7.5s3.357 7.5 7.5 7.5h227.027c4.136 0 7.5 3.364 7.5 7.5v12.578h-20.053c-8.928 0-16.303 6.725-17.357 15.373h-277.117v-27.951c0-4.136 3.364-7.5 7.5-7.5h37.5c4.143 0 7.5-3.358 7.5-7.5s-3.357-7.5-7.5-7.5h-37.5c-12.406 0-22.5 10.093-22.5 22.5v349.65c0 12.407 10.094 22.5 22.5 22.5h161.93c22.698 17.038 50.882 27.145 81.384 27.145 26.038 0 50.384-7.37 71.073-20.124l79.817 79.818c6.155 6.155 14.238 9.231 22.323 9.231 8.083 0 16.168-3.078 22.321-9.231 5.964-5.963 9.248-13.891 9.248-22.323 0-8.433-3.284-16.36-9.247-22.323l-79.818-79.818c12.754-20.689 20.124-45.035 20.124-71.072 0-23.5-5.969-46.19-17.332-66.398h23.456v8.463c0 5.074 3.029 9.607 7.717 11.548 1.556.645 3.184.958 4.796.958 3.246 0 6.429-1.271 8.826-3.667l17.302-17.302h48.08c9.649 0 17.5-7.851 17.5-17.5v-48.7c0-9.649-7.851-17.5-17.5-17.5h-97.5c-4.143 0-7.5 3.358-7.5 7.5s3.357 7.5 7.5 7.5h97.5c1.379 0 2.5 1.122 2.5 2.5v48.7c0 1.378-1.121 2.5-2.5 2.5h-49.943c-2.806 0-5.443 1.093-7.425 3.076l-14.352 14.352v-6.928c0-5.79-4.71-10.5-10.5-10.5h-53.201c.059-.788.099-1.581.099-2.384 0-6.235-1.812-12.052-4.926-16.966h113.751c4.143 0 7.5-3.358 7.5-7.5s-3.357-7.5-7.5-7.5h-114.921v-17.405c0-.652-.033-1.297-.049-1.945h8.967c4.143 0 7.5-3.358 7.5-7.5s-3.357-7.5-7.5-7.5h-10.858c-1.38-5.996-3.471-11.718-6.187-17.078zm-187.525-66.199c0-1.378 1.121-2.5 2.5-2.5h185.025c1.379 0 2.5 1.122 2.5 2.5v48.7c0 1.378-1.121 2.5-2.5 2.5h-159.552c-7.563-8.845-17.114-15.94-27.973-20.552zm-29.766 207.416h-21.737c-20.483 0-37.147-16.664-37.147-37.147v-41.438c0-19.78 16.092-35.872 35.872-35.872h24.288c19.78 0 35.872 16.092 35.872 35.872v41.438c-.001 20.483-16.665 37.147-37.148 37.147zm4.185 14.817v2.47l-14.896 21.359-15.211-21.396v-2.433c1.382.11 2.775.183 4.185.183h21.737c1.41 0 2.802-.072 4.185-.183zm-78.07-89.303v33.325c-8.332-.979-14.821-8.072-14.821-16.662s6.489-15.684 14.821-16.663zm-3.892 47.901c1.656.31 3.357.49 5.092.531 3.715 17.077 15.818 31.049 31.763 37.382v.816h-53.997c2.33-14.112 8.198-27.44 17.142-38.729zm96.962 37.913c15.945-6.333 28.048-20.305 31.763-37.382 1.416-.034 2.81-.153 4.174-.367 8.868 11.252 14.689 24.524 17.009 38.565h-52.947v-.816zm32.962-52.488v-33.325c8.332.979 14.821 8.072 14.821 16.663.001 8.59-6.488 15.683-14.821 16.662zm8.726-46.595c-3.118-1.117-6.46-1.755-9.938-1.836-5.045-22.775-25.388-39.865-49.659-39.865h-24.288c-24.271 0-44.614 17.09-49.659 39.865-3.478.082-6.82.719-9.939 1.836v-19.437c0-33.388 27.163-60.551 60.552-60.551h22.381c33.388 0 60.551 27.163 60.551 60.551v19.437zm-315.582 207.411c-4.136 0-7.5-3.364-7.5-7.5v-306.699h276.975v13.2c-4.678-.91-9.503-1.401-14.443-1.401h-22.382c-25.281 0-47.684 12.494-61.406 31.618h-67.744c-4.143 0-7.5 3.358-7.5 7.5s3.357 7.5 7.5 7.5h59.369c-3.711 8.917-5.77 18.688-5.77 28.934v28.066h-53.599c-4.143 0-7.5 3.358-7.5 7.5s3.357 7.5 7.5 7.5h38.139c-21.935 24.638-34.165 56.365-34.165 90.086 0 36.291 14.305 69.304 37.573 93.696zm428.244 67.801c3.13 3.129 4.854 7.29 4.854 11.716 0 4.425-1.724 8.586-4.854 11.716-6.459 6.46-16.97 6.461-23.431 0l-77.917-77.917c8.727-6.831 16.6-14.704 23.431-23.431zm-96.761-227.896h12.793c13.011 19.728 19.88 42.598 19.88 66.398 0 66.632-54.209 120.841-120.842 120.841-66.632 0-120.841-54.209-120.841-120.841 0-29.261 10.348-56.843 28.972-78.524 1.316 7.869 5.531 14.766 11.509 19.554-12.512 17.034-19.318 37.656-19.318 58.97 0 18.906 5.322 37.31 15.391 53.224 1.428 2.256 3.859 3.491 6.345 3.491 1.371 0 2.759-.376 4.003-1.163 3.501-2.215 4.543-6.848 2.328-10.348-8.337-13.178-12.829-28.374-13.046-44.019h58.76l17.268 24.291c2.147 3.021 5.637 4.819 9.341 4.819h.054c3.724-.018 7.219-1.852 9.347-4.906l16.879-24.204h57.657c-.639 46.146-38.354 83.494-84.649 83.494-17.936 0-35.076-5.541-49.567-16.022-3.354-2.426-8.045-1.675-10.473 1.682-2.428 3.356-1.675 8.045 1.682 10.473 17.065 12.344 37.245 18.868 58.358 18.868 54.963 0 99.679-44.715 99.679-99.678 0-21.084-6.672-41.511-18.938-58.443 2.908-2.206 5.423-4.899 7.428-7.957z\"\/><path d=\"m91.192 110.745-21.62 22.45-12.637-11.917c-3.014-2.841-7.759-2.703-10.602.311-2.842 3.013-2.703 7.76.311 10.602l18.037 17.009c1.448 1.366 3.298 2.043 5.145 2.043 1.968 0 3.932-.77 5.403-2.297l26.769-27.795c2.873-2.983 2.784-7.731-.2-10.605-2.983-2.874-7.732-2.784-10.606.199z\"\/><path d=\"m91.192 180.518-21.62 22.45-12.637-11.917c-3.014-2.841-7.759-2.703-10.602.311-2.842 3.013-2.703 7.76.311 10.602l18.036 17.009c1.448 1.366 3.298 2.043 5.145 2.043 1.968 0 3.932-.77 5.403-2.297l26.769-27.796c2.873-2.984 2.784-7.731-.2-10.605-2.985-2.873-7.731-2.783-10.605.2z\"\/><path d=\"m91.192 250.292-21.62 22.45-12.637-11.917c-3.014-2.841-7.759-2.703-10.602.311-2.842 3.013-2.703 7.76.311 10.602l18.036 17.009c1.448 1.366 3.298 2.043 5.145 2.043 1.968 0 3.932-.77 5.403-2.297l26.769-27.795c2.873-2.983 2.784-7.731-.2-10.605-2.982-2.874-7.731-2.785-10.605.199z\"\/><path d=\"m91.192 320.065-21.62 22.45-12.637-11.917c-3.014-2.841-7.759-2.702-10.602.311-2.842 3.013-2.703 7.76.311 10.602l18.036 17.009c1.448 1.366 3.298 2.043 5.145 2.043 1.968 0 3.932-.77 5.403-2.297l26.769-27.795c2.873-2.983 2.784-7.731-.2-10.605-2.982-2.874-7.731-2.784-10.605.199z\"\/><path d=\"m335.971 95.068h132.032c4.143 0 7.5-3.358 7.5-7.5s-3.357-7.5-7.5-7.5h-132.032c-4.143 0-7.5 3.358-7.5 7.5s3.357 7.5 7.5 7.5z\"\/><path d=\"m252.154 198.825v-4.337c0-4.142-3.357-7.5-7.5-7.5s-7.5 3.358-7.5 7.5v4.337c0 4.142 3.357 7.5 7.5 7.5s7.5-3.358 7.5-7.5z\"\/><path d=\"m288.026 186.987c-4.143 0-7.5 3.358-7.5 7.5v4.337c0 4.142 3.357 7.5 7.5 7.5s7.5-3.358 7.5-7.5v-4.337c0-4.142-3.357-7.5-7.5-7.5z\"\/><path d=\"m279.631 231.459c-7.328 7.328-19.252 7.329-26.582 0-2.928-2.929-7.677-2.928-10.606 0-2.929 2.929-2.929 7.678.001 10.607 6.589 6.588 15.243 9.882 23.897 9.882s17.309-3.294 23.897-9.882c2.929-2.929 2.929-7.678 0-10.606-2.929-2.929-7.677-2.929-10.607-.001z\"\/><\/g><\/g><g\/><g\/><g\/><g\/><g\/><g\/><g\/><g\/><g\/><g\/><g\/><g\/><g\/><g\/><g\/><\/svg>\n  <\/div>\n\n  <div class=\"bde-pricing-table__title\" >\n    ANALIZA WYNIK\u00d3W BADA\u0143 \n  <\/div>\n\n\n<div class='bde-pricing-table__price-area'>\n\n  \n  <div class=\"bde-pricing-table__price-area--amount-and-period-wrapper\">\n\n    <div class=\"bde-pricing-table__price-area--amount\">\n      <span class=\"bde-pricing-table__price-area--amount-currency\" >\n        z\u0142\n      <\/span>\n      <span class=\"bde-pricing-table__price-area--amount-number\">\n        <span class=\"bde-pricing-table__price-area--amount-number-main\" >\n          450\n        <\/span>\n              <\/span>\n    <\/div>\n\n    \n  <\/div>\n\n  <\/div>\n\n\n\n  <div class=\"bde-pricing-table__description\" >\n    Przez Whatsapp lub E-mail.\n  <\/div>\n\n  <ul class=\"bde-pricing-table__features\">\n    \n                    \n                    \n      \n      <li class=\"bde-pricing-table__features-item bde-pricing-table__features-item--included\">\n        <span class=\"bde-pricing-table__features-icon\">\n                      <svg xmlns=\"http:\/\/www.w3.org\/2000\/svg\" viewBox=\"0 0 24 24\"><path d=\"M18.71,7.21a1,1,0,0,0-1.42,0L9.84,14.67,6.71,11.53A1,1,0,1,0,5.29,13l3.84,3.84a1,1,0,0,0,1.42,0l8.16-8.16A1,1,0,0,0,18.71,7.21Z\"\/><\/svg>\n                  <\/span>\n        <span class=\"bde-pricing-table__features-text\" >\n          Analiza ankiety\n        <\/span>\n      <\/li>\n    \n                    \n                    \n      \n      <li class=\"bde-pricing-table__features-item bde-pricing-table__features-item--included\">\n        <span class=\"bde-pricing-table__features-icon\">\n                      <svg xmlns=\"http:\/\/www.w3.org\/2000\/svg\" viewBox=\"0 0 24 24\"><path d=\"M18.71,7.21a1,1,0,0,0-1.42,0L9.84,14.67,6.71,11.53A1,1,0,1,0,5.29,13l3.84,3.84a1,1,0,0,0,1.42,0l8.16-8.16A1,1,0,0,0,18.71,7.21Z\"\/><\/svg>\n                  <\/span>\n        <span class=\"bde-pricing-table__features-text\" >\n          Analiza wynik\u00f3w bada\u0144\n        <\/span>\n      <\/li>\n    \n                    \n                    \n      \n      <li class=\"bde-pricing-table__features-item bde-pricing-table__features-item--included\">\n        <span class=\"bde-pricing-table__features-icon\">\n                      <svg xmlns=\"http:\/\/www.w3.org\/2000\/svg\" viewBox=\"0 0 24 24\"><path d=\"M18.71,7.21a1,1,0,0,0-1.42,0L9.84,14.67,6.71,11.53A1,1,0,1,0,5.29,13l3.84,3.84a1,1,0,0,0,1.42,0l8.16-8.16A1,1,0,0,0,18.71,7.21Z\"\/><\/svg>\n                  <\/span>\n        <span class=\"bde-pricing-table__features-text\" >\n          Zalecenia suplementacyjne\n        <\/span>\n      <\/li>\n    \n                    \n                    \n      \n      <li class=\"bde-pricing-table__features-item bde-pricing-table__features-item--included\">\n        <span class=\"bde-pricing-table__features-icon\">\n                      <svg xmlns=\"http:\/\/www.w3.org\/2000\/svg\" viewBox=\"0 0 24 24\"><path d=\"M18.71,7.21a1,1,0,0,0-1.42,0L9.84,14.67,6.71,11.53A1,1,0,1,0,5.29,13l3.84,3.84a1,1,0,0,0,1.42,0l8.16-8.16A1,1,0,0,0,18.71,7.21Z\"\/><\/svg>\n                  <\/span>\n        <span class=\"bde-pricing-table__features-text\" >\n          W razie potrzeby zalecenia dotycz\u0105ce dalszej diagnostyki\n        <\/span>\n      <\/li>\n      <\/ul>\n\n    \n                        \n                        \n    \n    \n    \n    \n            \n                    \n            \n            \n\n    \n    \n    \n    \n    \n    <a class=\"breakdance-link button-atom button-atom--primary bde-pricing-table__cta-button\" href=\"https:\/\/breakdance.com\/\" target=\"_self\" data-type=\"url\"  >\n\n    \n        <span class=\"button-atom__text\">zapisz sie<\/span>\n\n        \n        \n                <\/a>\n\n    \n\n\n<\/div>\n<\/div><\/div><\/div>\n<\/section>","protected":false},"excerpt":{"rendered":"<p>cennik Cennik konsultacji PIERWSZA KONSULTACJA z\u0142 600 Podczas naszego pierwszego spotkania dok\u0142adnie om\u00f3wimy Analiza ankiety Analiza wynik\u00f3w bada\u0144 Szczeg\u00f3\u0142owa konsultacja online (czas trwania: 2 godziny) Otrzymasz spersonalizowane zalecenia dietetyczne i suplementacyjne dostosowane do wynik\u00f3w bada\u0144 oraz objaw\u00f3w. W razie potrzeby otrzymasz r\u00f3wnie\u017c, zalecenia dotycz\u0105ce dalszej diagnostyki Wszystkie zalecenia przesy\u0142am na maila w ci\u0105gu 2 tygodni [&hellip;]<\/p>\n","protected":false},"author":1,"featured_media":0,"parent":0,"menu_order":0,"comment_status":"closed","ping_status":"closed","template":"","meta":{"_breakdance_hide_in_design_set":false,"_breakdance_tags":"","footnotes":""},"class_list":["post-712","page","type-page","status-publish","hentry"],"_links":{"self":[{"href":"https:\/\/agatagajewska.stronazen.pl\/index.php\/wp-json\/wp\/v2\/pages\/712"}],"collection":[{"href":"https:\/\/agatagajewska.stronazen.pl\/index.php\/wp-json\/wp\/v2\/pages"}],"about":[{"href":"https:\/\/agatagajewska.stronazen.pl\/index.php\/wp-json\/wp\/v2\/types\/page"}],"author":[{"embeddable":true,"href":"https:\/\/agatagajewska.stronazen.pl\/index.php\/wp-json\/wp\/v2\/users\/1"}],"replies":[{"embeddable":true,"href":"https:\/\/agatagajewska.stronazen.pl\/index.php\/wp-json\/wp\/v2\/comments?post=712"}],"version-history":[{"count":34,"href":"https:\/\/agatagajewska.stronazen.pl\/index.php\/wp-json\/wp\/v2\/pages\/712\/revisions"}],"predecessor-version":[{"id":784,"href":"https:\/\/agatagajewska.stronazen.pl\/index.php\/wp-json\/wp\/v2\/pages\/712\/revisions\/784"}],"wp:attachment":[{"href":"https:\/\/agatagajewska.stronazen.pl\/index.php\/wp-json\/wp\/v2\/media?parent=712"}],"curies":[{"name":"wp","href":"https:\/\/api.w.org\/{rel}","templated":true}]}}