{"id":584,"date":"2024-09-18T14:07:52","date_gmt":"2024-09-18T14:07:52","guid":{"rendered":"https:\/\/agatagajewska.stronazen.pl\/?page_id=584"},"modified":"2024-09-20T07:10:38","modified_gmt":"2024-09-20T07:10:38","slug":"wspolpraca","status":"publish","type":"page","link":"https:\/\/agatagajewska.stronazen.pl\/index.php\/wspolpraca\/","title":{"rendered":"Wsp\u00f3\u0142praca"},"content":{"rendered":"<section class=\"bde-section-584-307 bde-section\">\n              \n  \n  \n\t\n\n\n\n<div class=\"section-container\"><div class=\"bde-columns-584-312 bde-columns\"><div class=\"bde-column-584-313 bde-column\">\n  \n  \n\t\n\n\n\n<div class=\"bde-div-584-367 bde-div\">\n              \n  \n  \n\t\n\n  <div class=\"section-background-overlay\"><\/div>\n\n\n<h1 class=\"bde-dual-heading-584-370 bde-dual-heading\">\n\n\n            <span data-style=\"primary\" class=\"dual-heading--primary  \">Jak przygotowa\u0107 si\u0119 do pierwszej <\/span>\n\n            <span data-style=\"secondary\" class=\"dual-heading--secondary  js-annotate\"> konsultacji ?<\/span>\n\n\n\n<\/h1>\n<\/div><div class=\"bde-div-584-368 bde-div\">\n  \n  \n\t\n\n\n\n<h3 class=\"bde-heading-584-366 bde-heading\">\nPraktyczne porady\n<\/h3><div class=\"bde-fancy-divider-584-365 bde-fancy-divider\">\n\n\n<div class=\"bde-fancy-divider__wrapper\">\n  <div class=\"bde-fancy-divider__separator   has-pattern\">\n  \t  <\/div>\n<\/div>\n\n<\/div><div class=\"bde-text-584-316 bde-text\">\nPrzed przyst\u0105pieniem do pierwszej konsultacji, prosz\u0119 o dok\u0142adne zapoznanie si\u0119 z poni\u017cszymi krokami, aby nasza wsp\u00f3\u0142praca przebieg\u0142a jak najsprawniej:\n<\/div><div class=\"bde-button-584-360 bde-button\">\n    \n                                    \n    \n    \n    \n    \n            \n                    \n            \n            \n\n    \n    \n    \n    \n    \n    <a class=\"breakdance-link button-atom button-atom--primary bde-button__button\" href=\"#kroki\" target=\"_self\" data-type=\"url\"  >\n\n    \n        <span class=\"button-atom__text\">Zapoznaj si\u0119<\/span>\n\n        \n        \n                <\/a>\n\n    \n\n\n<\/div>\n<\/div>\n<\/div><div class=\"bde-column-584-319 bde-column\">\n  \n  \n\t\n\n\n\n<div class=\"bde-image-584-320 bde-image\">\n<figure class=\"breakdance-image breakdance-image--785\">\n\t<div class=\"breakdance-image-container\">\n\t\t<div class=\"breakdance-image-clip\"><img loading=\"lazy\" decoding=\"async\" class=\"breakdance-image-object\" src=\"https:\/\/agatagajewska.stronazen.pl\/wp-content\/uploads\/2024\/09\/dfgfdgfd.jpg\" width=\"657\" height=\"595\" srcset=\"https:\/\/agatagajewska.stronazen.pl\/wp-content\/uploads\/2024\/09\/dfgfdgfd.jpg 657w, https:\/\/agatagajewska.stronazen.pl\/wp-content\/uploads\/2024\/09\/dfgfdgfd-300x272.jpg 300w, https:\/\/agatagajewska.stronazen.pl\/wp-content\/uploads\/2024\/09\/dfgfdgfd-600x543.jpg 600w\" sizes=\"(max-width: 657px) 100vw, 657px\"><\/div>\n\t<\/div><\/figure>\n\n<\/div>\n<\/div><\/div><\/div>\n<\/section><section class=\"bde-section-584-204 bde-section\">\n              \n  \n  \n\t\n\n  <div class=\"section-background-overlay\"><\/div>\n\n\n<div class=\"section-container\"><div class=\"bde-text-584-460 bde-text\">\nDobre przygotowanie do lepsze efekty!\n<\/div><\/div>\n<\/section><section class=\"bde-section-584-216 bde-section\">\n              \n  \n  \n\t\n\n  <div class=\"section-background-overlay\"><\/div>\n\n\n<div class=\"section-container\"><div class=\"bde-columns-584-224 bde-columns\"><div class=\"bde-column-584-225 bde-column\">\n  \n  \n\t\n\n\n\n\n<\/div><div class=\"bde-column-584-227 bde-column\">\n  \n  \n\t\n\n\n\n<div class=\"bde-image-584-305 bde-image\">\n<figure class=\"breakdance-image breakdance-image--65\">\n\t<div class=\"breakdance-image-container\">\n\t\t<div class=\"breakdance-image-clip\"><img loading=\"lazy\" decoding=\"async\" class=\"breakdance-image-object\" src=\"https:\/\/agatagajewska.stronazen.pl\/wp-content\/uploads\/2024\/09\/Projekt-bez-nazwy.png\" width=\"1920\" height=\"1080\" srcset=\"https:\/\/agatagajewska.stronazen.pl\/wp-content\/uploads\/2024\/09\/Projekt-bez-nazwy.png 1920w, https:\/\/agatagajewska.stronazen.pl\/wp-content\/uploads\/2024\/09\/Projekt-bez-nazwy-300x169.png 300w, https:\/\/agatagajewska.stronazen.pl\/wp-content\/uploads\/2024\/09\/Projekt-bez-nazwy-1024x576.png 1024w, https:\/\/agatagajewska.stronazen.pl\/wp-content\/uploads\/2024\/09\/Projekt-bez-nazwy-768x432.png 768w, https:\/\/agatagajewska.stronazen.pl\/wp-content\/uploads\/2024\/09\/Projekt-bez-nazwy-1536x864.png 1536w\" sizes=\"(max-width: 1920px) 100vw, 1920px\"><\/div>\n\t<\/div><\/figure>\n\n<\/div><h1 id=\"kroki\" class=\"bde-heading-584-282 bde-heading\">\nPrzygotowanie\n<\/h1><h3 class=\"bde-heading-584-283 bde-heading\">\nWa\u017cne informacje\n<\/h3><div class=\"bde-fancy-divider-584-279 bde-fancy-divider\">\n\n\n<div class=\"bde-fancy-divider__wrapper\">\n  <div class=\"bde-fancy-divider__separator   has-pattern\">\n  \t  <\/div>\n<\/div>\n\n<\/div>\n<\/div><\/div><\/div>\n<\/section><section class=\"bde-section-584-417 bde-section\">\n              \n  \n  \n\t\n\n  <div class=\"section-background-overlay\"><\/div>\n\n\n<div class=\"section-container\"><div class=\"bde-div-584-421 bde-div\">\n  \n  \n\t\n\n\n\n<div class=\"bde-div-584-422 bde-div\">\n  \n  \n\t\n\n\n\n<h3 class=\"bde-heading-584-423 bde-heading\">\n1\n<\/h3><div class=\"bde-text-584-424 bde-text\">\nWype\u0142nij formularz kontaktowy\n<\/div><div class=\"bde-text-584-425 bde-text\">\nlub wy\u015blij wiadomo\u015b\u0107 na adres email \u2013 opisz, co Ci dolega, jakie masz objawy, oraz jakiej pomocy  oczekujesz. Im bardziej szczeg\u00f3\u0142owe informacje, tym \u0142atwiej b\u0119dzie mi Ci pom\u00f3c<br><br>\n<\/div>\n<\/div><div class=\"bde-div-584-426 bde-div\">\n  \n  \n\t\n\n\n\n<div class=\"bde-icon-584-427 bde-icon\">\n\n    \n            <div class=\"bde-icon-icon breakdance-icon-atom\" >\n    \n                    <svg xmlns=\"http:\/\/www.w3.org\/2000\/svg\" width=\"24\" height=\"24\" viewBox=\"0 0 24 24\" fill-rule=\"evenodd\" clip-rule=\"evenodd\"><path d=\"M7.285 1.942h.005-.005zm-4.133-1.942l-.765 2.412-2.359.917 2.057 1.474.144 2.527 2.038-1.501 2.447.643-.798-2.401 1.369-2.129-2.531.017-1.602-1.959zm.395 2.062l.736.901 1.162-.009-.629.978.366 1.104-1.123-.296-.937.69-.066-1.161-.945-.677 1.084-.422.352-1.108zm3.027 5.938l-3.619.469c.418 4.888-1.546 10.626-2.955 14.531 2.036-2.653 6.729-7.553 6.574-15m-1.016 1.14c-.164 3.308-1.348 6.078-2.705 8.308.69-2.563 1.225-5.419 1.152-8.107l1.553-.201zm15.269 2.436l-1.572 1.983-2.532.02 1.4 2.109-.763 2.413 2.439-.68 2.058 1.471.108-2.528 2.035-1.504-2.371-.883-.802-2.401zm-.363 2.068l.368 1.103 1.09.406-.936.691-.05 1.161-.945-.676-1.121.313.351-1.109-.643-.968 1.163-.009.723-.912zm-4.942.693c-6.271 1.285-12.065 6.879-13.919 9.663 5.435-3.695 10.819-5.736 14.592-6.001l-.673-3.662zm-.792 1.221l.287 1.563c-2.335.334-5.027 1.209-7.81 2.517 2.125-1.697 4.738-3.298 7.523-4.08m-5.805-.305c.276-.01.492-.241.483-.517-.101-2.966.579-3.95 2.91-4.211 2.769-.312 2.914-2.021 3.02-3.268.101-1.2.163-1.924 1.813-2.046 1.542-.113 2.398-.423 2.953-1.07.606-.706.791-1.771.641-3.678-.022-.275-.284-.475-.537-.459-.276.022-.482.263-.459.538.125 1.591.004 2.472-.403 2.947-.359.418-1.038.635-2.268.725-2.501.184-2.637 1.788-2.737 2.959-.105 1.241-.181 2.138-2.134 2.357-3.288.37-3.896 2.362-3.798 5.24.008.27.23.483.499.483h.017zm2.075-13.253c-1.104 0-2 .896-2 2s.896 2 2 2c1.103 0 2-.896 2-2s-.897-2-2-2m0 1c.551 0 1 .448 1 1 0 .551-.449 1-1 1-.551 0-1-.449-1-1 0-.552.449-1 1-1m10.011 2.978c-1.11 0-2.011.901-2.011 2.011s.901 2.011 2.011 2.011 2.011-.901 2.011-2.011-.901-2.011-2.011-2.011m0 1c.557 0 1.011.453 1.011 1.011 0 .557-.454 1.011-1.011 1.011-.558 0-1.011-.454-1.011-1.011 0-.558.453-1.011 1.011-1.011\"\/><\/svg>\n        \n        \n        \n            <\/div>\n    \n\n\n<\/div><div class=\"bde-div-584-428 bde-div\">\n  \n  \n\t\n\n\n\n\n<\/div>\n<\/div>\n<\/div><div class=\"bde-div-584-429 bde-div\">\n  \n  \n\t\n\n\n\n<div class=\"bde-div-584-430 bde-div\">\n  \n  \n\t\n\n\n\n<div class=\"bde-icon-584-431 bde-icon\">\n\n    \n            <div class=\"bde-icon-icon breakdance-icon-atom\" >\n    \n                    <svg xmlns=\"http:\/\/www.w3.org\/2000\/svg\" width=\"24\" height=\"24\" viewBox=\"0 0 24 24\" fill-rule=\"evenodd\" clip-rule=\"evenodd\"><path d=\"M23.948 15.368c0-2.49-1.659-4.514-3.975-5.57l.027-.459c0-4.843-4.751-8.339-10-8.339-5.282 0-10 3.521-10 8.339 0 1.708.615 3.385 1.705 4.687.046 1.525-.851 3.713-1.66 5.308 2.168-.393 5.251-1.258 6.648-2.115.86.209 1.694.335 2.499.388 1.039 2.3 3.622 4.099 7.063 4.099.817 0 1.682-.103 2.583-.321 1.066.654 3.421 1.315 5.077 1.615-.618-1.218-1.303-2.888-1.268-4.053.833-.994 1.301-2.276 1.301-3.579zm-4.942 4.948c-.826.199-1.624.39-2.751.39-2.857 0-4.94-1.371-5.931-3.078 5.077-.099 8.712-3.187 9.508-6.798 1.866.952 3.116 2.626 3.116 4.538 0 .442.024 1.629-1.291 3.203-.022.732-.033 1.461.54 3.014-2.376-.642-2.981-1.14-3.191-1.269zm-12.481-4.167c-.599.368-1.569.986-4.737 1.782.865-2.133.938-3.232.906-4.281-.313-.373-1.694-1.853-1.694-4.311 0-4.047 4.038-7.339 9-7.339 4.963 0 9 3.292 9 7.339 0 3.511-3.412 7.3-8.924 7.3-1.603 0-2.821-.312-3.551-.49zm3.964-9.943c-.251-.764-1.577-.659-1.53.29-.143.313-.78 1.434-2.894 2.471-.667.326-1.065.928-1.065 1.607 0 1.11 1.023 1.804 2.085 1.643l1.043 1.153c.063.069.411.423.94.252l.608-.203c.506-.169.605-.749.377-1.085l-.538-.835c.566-.09 1.191-.018 1.454.039.199.236.552.34.846.237.41-.135.633-.579.49-1.019l-1.816-4.55zm-2.456 4.74l1.067 1.663-.292.098-1.411-1.559-.29.093c-.385.119-.919.068-1.103-.389-.147-.368 0-.797.478-1.031 2.193-1.077 3.017-2.284 3.297-2.835l1.45 3.64c-1.61-.392-2.974.241-3.196.32zm6.967-2.122c0 .155-.012.984-.36 1.68l-.868-.375c.372-.882.358-1.727.046-2.5-.32-.788-.909-1.4-1.771-1.759l.371-.87c.49.163 2.582 1.255 2.582 3.824zm-1.597-1.025c.299.736.248 1.545-.044 2.149l-.852-.355c.181-.466.252-.91.035-1.444-.202-.499-.553-.807-1.031-1.008l.362-.859c.764.319 1.261.854 1.53 1.517z\"\/><\/svg>\n        \n        \n        \n            <\/div>\n    \n\n\n<\/div><div class=\"bde-div-584-432 bde-div\">\n  \n  \n\t\n\n\n\n\n<\/div>\n<\/div><div class=\"bde-div-584-433 bde-div\">\n  \n  \n\t\n\n\n\n<h3 class=\"bde-heading-584-434 bde-heading\">\n2\n<\/h3><div class=\"bde-text-584-435 bde-text\">\nOczekuj mojej odpowiedzi\n<\/div><div class=\"bde-text-584-436 bde-text\">\nw odpowiedzi na Twoj\u0105 wiadomo\u015b\u0107 poprosz\u0119 Ci\u0119 o wykonanie odpowiednich bada\u0144 oraz wype\u0142nienie ankiety zdrowotnej, kt\u00f3ra pozwoli mi lepiej zrozumie\u0107 Twoj\u0105 sytuacj\u0119 zdrowotn\u0105.W wiadomo\u015bci otrzymasz ode mnie r\u00f3wnie\u017c propozycj\u0119 terminu.<br>\n<\/div>\n<\/div>\n<\/div><div class=\"bde-div-584-437 bde-div\">\n  \n  \n\t\n\n\n\n<div class=\"bde-div-584-438 bde-div\">\n  \n  \n\t\n\n\n\n<h3 class=\"bde-heading-584-439 bde-heading\">\n3\n<\/h3><div class=\"bde-text-584-440 bde-text\">\nPrzygotowanie\n<\/div><div class=\"bde-text-584-441 bde-text\">\nProsz\u0119 o przes\u0142anie do mnie wynik\u00f3w bada\u0144,oraz wype\u0142nionej ankiety najp\u00f3\u017aniej 4 dni przed konsultacj\u0105, abym mog\u0142a przygotowa\u0107 si\u0119 do naszego spotkania.<br>\n<\/div>\n<\/div><div class=\"bde-div-584-442 bde-div\">\n  \n  \n\t\n\n\n\n<div class=\"bde-icon-584-443 bde-icon\">\n\n    \n            <div class=\"bde-icon-icon breakdance-icon-atom\" >\n    \n                    <svg xmlns=\"http:\/\/www.w3.org\/2000\/svg\" width=\"24\" height=\"24\" viewBox=\"0 0 24 24\" fill-rule=\"evenodd\" clip-rule=\"evenodd\"><path d=\"M22 21c.53 0 1.039.211 1.414.586.376.375.586.884.586 1.414v1h-6v-1c0-1.104.896-2 2-2h2zm-7 0c.53 0 1.039.211 1.414.586.376.375.586.884.586 1.414v1h-6v-1c0-1.104.896-2 2-2h2zm7 1h-2c-.551 0-1 .448-1 1h4c0-.564-.461-1-1-1zm-7 0h-2c-.551 0-1 .448-1 1h4c0-.564-.461-1-1-1zm-6.758-1.216c-.025.679-.576 1.21-1.256 1.21-.64 0-1.179-.497-1.254-1.156l-.406-4.034-.317 4.019c-.051.656-.604 1.171-1.257 1.171-.681 0-1.235-.531-1.262-1.21l-.262-6.456-.308.555c-.241.437-.8.638-1.265.459-.404-.156-.655-.538-.655-.951 0-.093.012-.188.039-.283l1.134-4.098c.17-.601.725-1.021 1.351-1.021h4.096c.511 0 1.012-.178 1.285-.33.723-.403 2.439-1.369 3.136-1.793.394-.243.949-.147 1.24.217.32.396.286.95-.074 1.297l-3.048 2.906c-.375.359-.595.849-.617 1.381-.061 1.397-.3 8.117-.3 8.117zm-5.718-10.795c-.18 0-.34.121-.389.294-.295 1.04-1.011 3.666-1.134 4.098l1.511-2.593c.172-.295.623-.18.636.158l.341 8.797c.01.278.5.287.523.002 0 0 .269-3.35.308-3.944.041-.599.449-1.017.992-1.017.547.002.968.415 1.029 1.004.036.349.327 3.419.385 3.938.043.378.505.326.517.022 0 0 .239-6.725.3-8.124.033-.791.362-1.523.925-2.061l3.045-2.904c-.661.492-2.393 1.468-3.121 1.873-.396.221-1.07.457-1.772.457h-4.096zm18.476 6.011c-1.305 0-2.364 1.06-2.364 2.364 0 1.305 1.059 2.365 2.364 2.365s2.364-1.06 2.364-2.365c0-1.304-1.059-2.364-2.364-2.364zm-7 0c-1.305 0-2.364 1.06-2.364 2.364 0 1.305 1.059 2.365 2.364 2.365s2.364-1.06 2.364-2.365c0-1.304-1.059-2.364-2.364-2.364zm7 1c.752 0 1.364.612 1.364 1.364 0 .753-.612 1.365-1.364 1.365-.752 0-1.364-.612-1.364-1.365 0-.752.612-1.364 1.364-1.364zm-7 0c.752 0 1.364.612 1.364 1.364 0 .753-.612 1.365-1.364 1.365-.752 0-1.364-.612-1.364-1.365 0-.752.612-1.364 1.364-1.364zm10-2h-14.658v-1h7.658v-1h3v1h3v-13h-22v7l-1 3v-11h24v15zm-6-6h-4v-1h4v1zm-12.727-5c-1.278 0-2.315 1.038-2.315 2.316 0 1.278 1.037 2.316 2.315 2.316s2.316-1.038 2.316-2.316c0-1.278-1.038-2.316-2.316-2.316zm0 1c.726 0 1.316.59 1.316 1.316 0 .726-.59 1.316-1.316 1.316-.725 0-1.315-.59-1.315-1.316 0-.726.59-1.316 1.315-1.316zm15.727 2h-7v-1h7v1zm0-2h-7v-1h7v1z\"\/><\/svg>\n        \n        \n        \n            <\/div>\n    \n\n\n<\/div><div class=\"bde-div-584-444 bde-div\">\n  \n  \n\t\n\n\n\n\n<\/div>\n<\/div>\n<\/div><div class=\"bde-div-584-445 bde-div\">\n  \n  \n\t\n\n\n\n<div class=\"bde-div-584-446 bde-div\">\n  \n  \n\t\n\n\n\n<div class=\"bde-icon-584-447 bde-icon\">\n\n    \n            <div class=\"bde-icon-icon breakdance-icon-atom\" >\n    \n                    <svg xmlns=\"http:\/\/www.w3.org\/2000\/svg\" viewBox=\"0 0 640 512\"><!--! Font Awesome Free 6.5.1 by @fontawesome - https:\/\/fontawesome.com License - https:\/\/fontawesome.com\/license\/free (Icons: CC BY 4.0, Fonts: SIL OFL 1.1, Code: MIT License) Copyright 2023 Fonticons, Inc. --><path d=\"M323.4 85.2l-96.8 78.4c-16.1 13-19.2 36.4-7 53.1c12.9 17.8 38 21.3 55.3 7.8l99.3-77.2c7-5.4 17-4.2 22.5 2.8s4.2 17-2.8 22.5l-20.9 16.2L550.2 352H592c26.5 0 48-21.5 48-48V176c0-26.5-21.5-48-48-48H516h-4-.7l-3.9-2.5L434.8 79c-15.3-9.8-33.2-15-51.4-15c-21.8 0-43 7.5-60 21.2zm22.8 124.4l-51.7 40.2C263 274.4 217.3 268 193.7 235.6c-22.2-30.5-16.6-73.1 12.7-96.8l83.2-67.3c-11.6-4.9-24.1-7.4-36.8-7.4C234 64 215.7 69.6 200 80l-72 48H48c-26.5 0-48 21.5-48 48V304c0 26.5 21.5 48 48 48H156.2l91.4 83.4c19.6 17.9 49.9 16.5 67.8-3.1c5.5-6.1 9.2-13.2 11.1-20.6l17 15.6c19.5 17.9 49.9 16.6 67.8-2.9c4.5-4.9 7.8-10.6 9.9-16.5c19.4 13 45.8 10.3 62.1-7.5c17.9-19.5 16.6-49.9-2.9-67.8l-134.2-123z\"\/><\/svg>\n        \n        \n        \n            <\/div>\n    \n\n\n<\/div><div class=\"bde-div-584-448 bde-div\">\n  \n  \n\t\n\n\n\n\n<\/div>\n<\/div><div class=\"bde-div-584-449 bde-div\">\n  \n  \n\t\n\n\n\n<h3 class=\"bde-heading-584-450 bde-heading\">\n4\n<\/h3><div class=\"bde-text-584-451 bde-text\">\nSpotkanie\n<\/div><div class=\"bde-text-584-452 bde-text\">\nPodczas naszego pierwszego spotkania dok\u0142adnie om\u00f3wimy przes\u0142an\u0105 ankiet\u0119,oraz wyniki bada\u0144 oraz okre\u015blimy cel i kierunek wsp\u00f3\u0142pracy na najbli\u017csze miesi\u0105ce.\n<\/div><div class=\"bde-button-584-461 bde-button\">\n    \n                                    \n    \n    \n    \n    \n            \n                    \n            \n            \n\n    \n    \n    \n    \n    \n    <a class=\"breakdance-link button-atom button-atom--primary bde-button__button\" href=\"https:\/\/agatagajewska.stronazen.pl\/index.php\/cennik\/\" target=\"_self\" data-type=\"url\"  >\n\n    \n        <span class=\"button-atom__text\">sprawd\u017a cennik<\/span>\n\n        \n        \n                <\/a>\n\n    \n\n\n<\/div>\n<\/div>\n<\/div><\/div>\n<\/section>","protected":false},"excerpt":{"rendered":"<p>Jak przygotowa\u0107 si\u0119 do pierwszej konsultacji ? Praktyczne porady Przed przyst\u0105pieniem do pierwszej konsultacji, prosz\u0119 o dok\u0142adne zapoznanie si\u0119 z poni\u017cszymi krokami, aby nasza wsp\u00f3\u0142praca przebieg\u0142a jak najsprawniej: Zapoznaj si\u0119 Dobre przygotowanie do lepsze efekty! Przygotowanie Wa\u017cne informacje 1 Wype\u0142nij formularz kontaktowy lub wy\u015blij wiadomo\u015b\u0107 na adres email \u2013 opisz, co Ci dolega, jakie masz [&hellip;]<\/p>\n","protected":false},"author":1,"featured_media":0,"parent":0,"menu_order":0,"comment_status":"closed","ping_status":"closed","template":"","meta":{"_breakdance_hide_in_design_set":false,"_breakdance_tags":"","footnotes":""},"class_list":["post-584","page","type-page","status-publish","hentry"],"_links":{"self":[{"href":"https:\/\/agatagajewska.stronazen.pl\/index.php\/wp-json\/wp\/v2\/pages\/584"}],"collection":[{"href":"https:\/\/agatagajewska.stronazen.pl\/index.php\/wp-json\/wp\/v2\/pages"}],"about":[{"href":"https:\/\/agatagajewska.stronazen.pl\/index.php\/wp-json\/wp\/v2\/types\/page"}],"author":[{"embeddable":true,"href":"https:\/\/agatagajewska.stronazen.pl\/index.php\/wp-json\/wp\/v2\/users\/1"}],"replies":[{"embeddable":true,"href":"https:\/\/agatagajewska.stronazen.pl\/index.php\/wp-json\/wp\/v2\/comments?post=584"}],"version-history":[{"count":33,"href":"https:\/\/agatagajewska.stronazen.pl\/index.php\/wp-json\/wp\/v2\/pages\/584\/revisions"}],"predecessor-version":[{"id":793,"href":"https:\/\/agatagajewska.stronazen.pl\/index.php\/wp-json\/wp\/v2\/pages\/584\/revisions\/793"}],"wp:attachment":[{"href":"https:\/\/agatagajewska.stronazen.pl\/index.php\/wp-json\/wp\/v2\/media?parent=584"}],"curies":[{"name":"wp","href":"https:\/\/api.w.org\/{rel}","templated":true}]}}