{"id":556,"date":"2024-09-18T13:48:49","date_gmt":"2024-09-18T13:48:49","guid":{"rendered":"https:\/\/agatagajewska.stronazen.pl\/?page_id=556"},"modified":"2024-09-20T12:10:58","modified_gmt":"2024-09-20T12:10:58","slug":"polityka-prywatnosci","status":"publish","type":"page","link":"https:\/\/agatagajewska.stronazen.pl\/index.php\/polityka-prywatnosci\/","title":{"rendered":"Polityka prywatno\u015bci"},"content":{"rendered":"<section class=\"bde-section-556-100 bde-section\">\n  \n  \n\t\n\n\n\n<div class=\"section-container\"><h1 class=\"bde-heading-556-102 bde-heading\">\nPolityka prywatno\u015bci\n<\/h1><div class=\"bde-fancy-divider-556-103 bde-fancy-divider\">\n\n\n<div class=\"bde-fancy-divider__wrapper\">\n  <div class=\"bde-fancy-divider__separator   has-pattern\">\n  \t  <\/div>\n<\/div>\n\n<\/div><div class=\"bde-rich-text-556-101 bde-rich-text breakdance-rich-text-styles\">\n<p>\u00a0<\/p>\n<p><strong>Polityka prywatno\u015bci<\/strong><\/p>\n<p>Poni\u017csza Polityka Prywatno\u015bci opisuje kwestie zwi\u0105zane z korzystaniem z serwisu internetowego <a href=\"http:\/\/www.wynikibadanholistycznie.pl\" target=\"_new\" rel=\"noopener\">www.wynikibadanholistycznie.pl<\/a>.<\/p>\n<p>Administratorem Danych Osobowych jest <strong>Agata Gajewska<\/strong>, prowadz\u0105ca dzia\u0142alno\u015b\u0107 gospodarcz\u0105 pod nazw\u0105 <strong>Max-Mar<\/strong>, ul. <strong>Wened\u00f3w 5c\/7, 75-847 Koszalin<\/strong>, NIP: <strong>669-245-29-44<\/strong>, adres e-mail: <strong><a rel=\"noopener\">wynikibadanholistycznie@op.pl<\/a><\/strong>.<\/p>\n<p>Twoje dane osobowe przetwarzane s\u0105 zgodnie z przepisami dotycz\u0105cymi ochrony danych osobowych oraz z dochowaniem najwy\u017cszej staranno\u015bci.<\/p>\n<p>Dane osobowe w serwisie internetowym <a href=\"http:\/\/www.wynikibadanholistycznie.pl\" target=\"_new\" rel=\"noopener\">www.wynikibadanholistycznie.pl<\/a>, (dalej jako \u201eSerwis\u201d), w tym w posadowionym na nim sklepie internetowym (dalej jako: \u201eSklep\u201d) gromadzone s\u0105 w celu:<\/p>\n<ul>\n<li>korzystania z formularza kontaktowego dost\u0119pnego w serwisie;<\/li>\n<li>prezentacji oferty;<\/li>\n<li>obs\u0142ugi zapyta\u0144;<\/li>\n<li>w zakresie i celu zgodnym ze zgod\u0105 wyra\u017con\u0105 przez Ciebie na otrzymanie newslettera;<\/li>\n<li>w celu realizacji um\u00f3w w zakresie sprzeda\u017cy produkt\u00f3w (w tym produkt\u00f3w cyfrowych) i us\u0142ug dost\u0119pnych w Sklepie Internetowym;<\/li>\n<li>w celu realizacji um\u00f3w w zakresie sprzeda\u017cy produkt\u00f3w (w tym produkt\u00f3w cyfrowych) i us\u0142ug za po\u015brednictwem medi\u00f3w spo\u0142eczno\u015bciowych, zw\u0142aszcza za po\u015brednictwem portalu Instagram;<\/li>\n<li>w celu analitycznym i statystycznym.<\/li>\n<\/ul>\n<p>Operatorem Serwisu (dalej jako: \u201eOperator\u201d) jest <strong>Agata Gajewska<\/strong>, prowadz\u0105ca dzia\u0142alno\u015b\u0107 gospodarcz\u0105 pod nazw\u0105 <strong>Max-Mar<\/strong>, ul. <strong>Wened\u00f3w 5c\/7, 75-847 Koszalin<\/strong>, NIP: <strong>669-245-29-44<\/strong>, adres e-mail: <strong><a rel=\"noopener\">wynikibadanholistycznie@op.pl<\/a><\/strong>.<\/p>\n<p>\u00a0<\/p>\n<p>Serwis realizuje funkcje pozyskiwania informacji o u\u017cytkownikach i ich zachowaniu w nast\u0119puj\u0105cy spos\u00f3b:<br \/>poprzez dobrowolnie wprowadzone dane, kt\u00f3re zostaj\u0105 wprowadzone do system\u00f3w Operatora,<br \/>poprzez zapisywanie w urz\u0105dzeniach ko\u0144cowych plik\u00f3w cookie (tzw. \u201cciasteczka\u201d).<\/p>\n<p>Ka\u017cda osoba odwiedzaj\u0105ca m\u00f3j Serwis, kt\u00f3rej dane dotycz\u0105, ma prawo:<br \/>a) dost\u0119pu do danych osobowych, w tym prawo do uzyskania kopii tych danych;<br \/>b) \u017c\u0105dania sprostowania (poprawiania) danych osobowych \u2013 w przypadku gdy dane s\u0105 nieprawid\u0142owe lub niekompletne;<br \/>c) \u017c\u0105dania usuni\u0119cia danych osobowych (tzw. prawo do bycia zapomnianym),<br \/>d) \u017c\u0105dania ograniczenia przetwarzania danych<br \/>e) przenoszenia danych<br \/>f) sprzeciwu wobec przetwarzania danych<br \/>g) wniesienia skargi do organu nadzorczego.<br \/>Administrator nie wyznaczy\u0142 Inspektora Danych Osobowych.<\/p>\n<p>Zastrzegam sobie prawo do przetwarzania Twoich danych po rozwi\u0105zaniu umowy (np. sprzeda\u017cy produkt\u00f3w w Sklepie) lub cofni\u0119ciu zgody tylko w zakresie na potrzeby dochodzenia ewentualnych roszcze\u0144 przed s\u0105dem lub je\u017celi przepisy krajowe albo unijne b\u0105d\u017a prawa mi\u0119dzynarodowego obliguj\u0105 nas do retencji danych.<\/p>\n<p>Administrator ma prawo udost\u0119pnia\u0107 dane osobowe oraz innych jego danych podmiotom upowa\u017cnionym wy\u0142\u0105cznie na podstawie w\u0142a\u015bciwych przepis\u00f3w prawa (np. organom \u015bcigania).<\/p>\n<p>Dane b\u0119d\u0105 przekazane podmiotom przetwarzaj\u0105cym je na nasze zlecenie na podstawie um\u00f3w z Administratorem, wy\u0142\u0105cznie w celu i zakresie niezb\u0119dnym dla realizacji postanowie\u0144 tych\u017ce um\u00f3w, w tym m.in. podmiotom \u015bwiadcz\u0105cym na nasz\u0105 rzecz us\u0142ugi informatyczne b\u0105d\u017a ksi\u0119gowe, przy czym takie podmioty przetwarzaj\u0105 dane wy\u0142\u0105cznie zgodnie z poleceniami Administratora.<\/p>\n<p>W ka\u017cdej chwili istnieje mo\u017cliwo\u015b\u0107 wycofania zg\u00f3d wyra\u017conych w Serwisie. Odwo\u0142anie zgody na przetwarzanie nie b\u0119dzie mia\u0142o wp\u0142ywu na zgodno\u015b\u0107 z prawem przetwarzania, kt\u00f3rego dokonano przed jej wycofaniem.<\/p>\n<p>Usuni\u0119cie Twoich danych osobowych mo\u017ce nast\u0105pi\u0107 na skutek cofni\u0119cia zgody b\u0105d\u017a wniesienia prawnie dopuszczalnego sprzeciwu na przetwarzanie danych osobowych.<\/p>\n<p>Wdro\u017cy\u0142am szereg zabezpiecze\u0144, dzi\u0119ki czemu minimalizuj\u0119 skutki ewentualnego naruszenia bezpiecze\u0144stwa danych, m.in. stosuj\u0119 bezpieczny protok\u00f3\u0142 szyfrowania komunikacji (SSL). Operator okresowo zmienia swoje has\u0142a administracyjne. Istotnym elementem ochrony danych jest regularna aktualizacja wszelkiego oprogramowania, wykorzystywanego przez Operatora do przetwarzania danych osobowych, co w szczeg\u00f3lno\u015bci oznacza regularne aktualizacje komponent\u00f3w programistycznych.<\/p>\n<p>Twoje dane osobowe przetwarzaj\u0105 osoby wy\u0142\u0105cznie upowa\u017cnione.<\/p>\n<p>W stosunku do Ciebie mog\u0105 by\u0107 podejmowane czynno\u015bci polegaj\u0105ce na zautomatyzowanym podejmowaniu decyzji, w tym profilowaniu w celu \u015bwiadczenia us\u0142ug w ramach zawartej umowy oraz w celu prowadzenia przez Administratora marketingu bezpo\u015bredniego. Dane osobowe nie s\u0105 przekazywane do kraj\u00f3w trzecich w rozumieniu przepis\u00f3w o ochronie danych osobowych. Oznacza to, \u017ce nie przesy\u0142amy ich poza teren Unii Europejskiej.<\/p>\n<p>Serwis korzysta z Plik\u00f3w cookies.<\/p>\n<p>Pliki cookies to niewielkie informacje (pliki) tekstowe, wysy\u0142ane przez serwer WWW i zapisywane po stronie u\u017cytkownika (zazwyczaj na twardym dysku), identyfikuj\u0105ce go w spos\u00f3b potrzebny do umo\u017cliwienia danej operacji. Domy\u015blne parametry plik\u00f3w cookies pozwalaj\u0105 na odczytanie informacji w nich zawartych jedynie serwerowi, kt\u00f3ry je utworzy\u0142. Pliki cookies zawieraj\u0105 nazw\u0119 odwiedzanego Serwisu, czas przechowywania oraz losowo wygenerowany unikalny numer s\u0142u\u017c\u0105cy do identyfikacji przegl\u0105darki, z jakiej nast\u0119puje po\u0142\u0105czenie z serwisem internetowym.<\/p>\n<p>Serwis korzysta z Plik\u00f3w cookies w celu dostosowania si\u0119 do potrzeb u\u017cytkownik\u00f3w, optymalizacji korzystania z Serwisu oraz w celach statystycznych.<\/p>\n<p>Serwis wykorzystuje Pliki cookies sesyjne (tymczasowe), kt\u00f3re pozostaj\u0105 na urz\u0105dzeniu u\u017cytkownika, a\u017c do opuszczenia serwisu internetowego lub wy\u0142\u0105czenia przegl\u0105darki internetowej, a tak\u017ce Pliki cookies sta\u0142e (trwa\u0142e), kt\u00f3re pozostaj\u0105 na urz\u0105dzeniu u\u017cytkownika przez czas okre\u015blony w parametrach pliku lub do ich usuni\u0119cia przez u\u017cytkownika.<\/p>\n<p>Korzystaj\u0105c z Serwisu, wyra\u017casz zgod\u0119 na wykorzystywanie przez nas plik\u00f3w cookies w celu zapewnienia Ci wygody podczas przegl\u0105dania. Ustawienia tych plik\u00f3w mo\u017cna zmieni\u0107 w ka\u017cdej chwili za pomoc\u0105 ustawie\u0144 przegl\u0105darki.<\/p>\n<p>Korzystam z narz\u0119dzi analitycznych Google Analytics, kt\u00f3re zbieraj\u0105 informacje na temat Twoich odwiedzin Serwisu. W tym celu wykorzystywane s\u0105 pliki cookies firmy Google LLC dotycz\u0105ce us\u0142ugi Google Analytics. Administrator nie przekazuje do operatora tej us\u0142ugi danych osobowych, a jedynie zanonimizowane informacje. W ramach ustawie\u0144 plik\u00f3w cookies mo\u017cesz zadecydowa\u0107, czy wyra\u017casz zgod\u0119 na zbieranie o Tobie takich danych, czy nie.<\/p>\n<p>Korzystam z narz\u0119dzia Google AdWords w celu prowadzenia kampanii marketingowych. W tym celu wykorzystywane s\u0105 pliki cookies firmy Google LLC dotycz\u0105ce us\u0142ugi Google AdWords. W ramach ustawie\u0144 plik\u00f3w cookies mo\u017cesz zadecydowa\u0107, czy wyra\u017casz zgod\u0119 na wykorzystywanie w Twoim przypadku takich plik\u00f3w cookies, czy nie.<\/p>\n<\/div><\/div>\n<\/section>","protected":false},"excerpt":{"rendered":"<p>Polityka prywatno\u015bci \u00a0 Polityka prywatno\u015bci Poni\u017csza Polityka Prywatno\u015bci opisuje kwestie zwi\u0105zane z korzystaniem z serwisu internetowego www.wynikibadanholistycznie.pl. Administratorem Danych Osobowych jest Agata Gajewska, prowadz\u0105ca dzia\u0142alno\u015b\u0107 gospodarcz\u0105 pod nazw\u0105 Max-Mar, ul. Wened\u00f3w 5c\/7, 75-847 Koszalin, NIP: 669-245-29-44, adres e-mail: wynikibadanholistycznie@op.pl. Twoje dane osobowe przetwarzane s\u0105 zgodnie z przepisami dotycz\u0105cymi ochrony danych osobowych oraz z dochowaniem najwy\u017cszej [&hellip;]<\/p>\n","protected":false},"author":1,"featured_media":0,"parent":0,"menu_order":0,"comment_status":"closed","ping_status":"closed","template":"","meta":{"_breakdance_hide_in_design_set":false,"_breakdance_tags":"","footnotes":""},"class_list":["post-556","page","type-page","status-publish","hentry"],"_links":{"self":[{"href":"https:\/\/agatagajewska.stronazen.pl\/index.php\/wp-json\/wp\/v2\/pages\/556"}],"collection":[{"href":"https:\/\/agatagajewska.stronazen.pl\/index.php\/wp-json\/wp\/v2\/pages"}],"about":[{"href":"https:\/\/agatagajewska.stronazen.pl\/index.php\/wp-json\/wp\/v2\/types\/page"}],"author":[{"embeddable":true,"href":"https:\/\/agatagajewska.stronazen.pl\/index.php\/wp-json\/wp\/v2\/users\/1"}],"replies":[{"embeddable":true,"href":"https:\/\/agatagajewska.stronazen.pl\/index.php\/wp-json\/wp\/v2\/comments?post=556"}],"version-history":[{"count":6,"href":"https:\/\/agatagajewska.stronazen.pl\/index.php\/wp-json\/wp\/v2\/pages\/556\/revisions"}],"predecessor-version":[{"id":979,"href":"https:\/\/agatagajewska.stronazen.pl\/index.php\/wp-json\/wp\/v2\/pages\/556\/revisions\/979"}],"wp:attachment":[{"href":"https:\/\/agatagajewska.stronazen.pl\/index.php\/wp-json\/wp\/v2\/media?parent=556"}],"curies":[{"name":"wp","href":"https:\/\/api.w.org\/{rel}","templated":true}]}}