{"id":22,"date":"2024-09-09T12:19:37","date_gmt":"2024-09-09T12:19:37","guid":{"rendered":"http:\/\/agatagajewska.stronazen.pl\/index.php\/who-we-are\/"},"modified":"2024-09-20T12:12:17","modified_gmt":"2024-09-20T12:12:17","slug":"who-we-are","status":"publish","type":"page","link":"https:\/\/agatagajewska.stronazen.pl\/","title":{"rendered":"Strona g\u0142\u00f3wna"},"content":{"rendered":"<section class=\"bde-section-22-307 bde-section\">\n              \n  \n  \n\t\n\n  <div class=\"section-background-overlay\"><\/div>\n\n\n<div class=\"section-container\"><div class=\"bde-columns-22-312 bde-columns\"><div class=\"bde-column-22-419 bde-column\">\n  \n  \n\t\n\n\n\n\n<\/div><div class=\"bde-column-22-313 bde-column\">\n  \n  \n\t\n\n\n\n<div class=\"bde-div-22-367 bde-div\">\n              \n  \n  \n\t\n\n  <div class=\"section-background-overlay\"><\/div>\n\n\n<h1 class=\"bde-dual-heading-22-370 bde-dual-heading\">\n\n\n            <span data-style=\"primary\" class=\"dual-heading--primary  \">Wyniki Bada\u0144<\/span>\n\n            <span data-style=\"secondary\" class=\"dual-heading--secondary  js-annotate\">holistycznie<\/span>\n\n\n\n<\/h1>\n<\/div><div class=\"bde-div-22-368 bde-div\">\n  \n  \n\t\n\n\n\n<h3 class=\"bde-heading-22-366 bde-heading\">\nPe\u0142niejszy obraz Twojego zdrowia\n<\/h3><div class=\"bde-image-22-417 bde-image\">\n<figure class=\"breakdance-image breakdance-image--818\">\n\t<div class=\"breakdance-image-container\">\n\t\t<div class=\"breakdance-image-clip\"><img loading=\"lazy\" decoding=\"async\" class=\"breakdance-image-object\" src=\"https:\/\/agatagajewska.stronazen.pl\/wp-content\/uploads\/2024\/09\/1-3.png\" width=\"1080\" height=\"1080\" srcset=\"https:\/\/agatagajewska.stronazen.pl\/wp-content\/uploads\/2024\/09\/1-3.png 1080w, https:\/\/agatagajewska.stronazen.pl\/wp-content\/uploads\/2024\/09\/1-3-300x300.png 300w, https:\/\/agatagajewska.stronazen.pl\/wp-content\/uploads\/2024\/09\/1-3-1024x1024.png 1024w, https:\/\/agatagajewska.stronazen.pl\/wp-content\/uploads\/2024\/09\/1-3-150x150.png 150w, https:\/\/agatagajewska.stronazen.pl\/wp-content\/uploads\/2024\/09\/1-3-768x768.png 768w, https:\/\/agatagajewska.stronazen.pl\/wp-content\/uploads\/2024\/09\/1-3-600x600.png 600w\" sizes=\"(max-width: 1080px) 100vw, 1080px\"><\/div>\n\t<\/div><\/figure>\n\n<\/div><div class=\"bde-fancy-divider-22-365 bde-fancy-divider\">\n\n\n<div class=\"bde-fancy-divider__wrapper\">\n  <div class=\"bde-fancy-divider__separator   has-pattern\">\n  \t  <\/div>\n<\/div>\n\n<\/div><div class=\"bde-text-22-316 bde-text\">\nWitaj, mam na imi\u0119 Agata, i jestem specjalist\u0105 ds. \u017cywienia.\u00a0\n<\/div><div class=\"bde-button-22-360 bde-button\">\n    \n                                    \n    \n    \n    \n    \n            \n                    \n            \n            \n\n    \n    \n    \n    \n    \n    <a class=\"breakdance-link button-atom button-atom--primary bde-button__button\" href=\"#omnie\" target=\"_self\" data-type=\"url\"  >\n\n    \n        <span class=\"button-atom__text\">Czym si\u0119 zajmuj\u0119<\/span>\n\n        \n        \n                <\/a>\n\n    \n\n\n<\/div>\n<\/div>\n<\/div><div class=\"bde-column-22-319 bde-column\">\n  \n  \n\t\n\n\n\n\n<\/div><\/div><\/div>\n<\/section><section class=\"bde-section-22-204 bde-section\">\n              \n  \n  \n\t\n\n  <div class=\"section-background-overlay\"><\/div>\n\n\n<div class=\"section-container\"><div class=\"bde-grid-22-361 bde-grid\">\n  \n  \n\t\n\n\n\n<h3 class=\"bde-heading-22-362 bde-heading\">\nDietetyka\n<\/h3><h3 class=\"bde-heading-22-363 bde-heading\">\nSuplementacja\n<\/h3><h3 class=\"bde-heading-22-364 bde-heading\">\nWyniki\n<\/h3>\n<\/div><\/div>\n<\/section><section class=\"bde-section-22-216 bde-section\">\n              \n  \n  \n\t\n\n  <div class=\"section-background-overlay\"><\/div>\n\n\n<div class=\"section-container\"><div class=\"bde-columns-22-224 bde-columns\"><div class=\"bde-column-22-225 bde-column\">\n  \n  \n\t\n\n\n\n<div class=\"bde-image-22-226 bde-image\" data-parallax=\"true\">\n<figure class=\"breakdance-image breakdance-image--817\">\n\t<div class=\"breakdance-image-container\">\n\t\t<div class=\"breakdance-image-clip\"><img loading=\"lazy\" decoding=\"async\" class=\"breakdance-image-object\" src=\"https:\/\/agatagajewska.stronazen.pl\/wp-content\/uploads\/2024\/09\/2-7.png\" width=\"1080\" height=\"1080\" srcset=\"https:\/\/agatagajewska.stronazen.pl\/wp-content\/uploads\/2024\/09\/2-7.png 1080w, https:\/\/agatagajewska.stronazen.pl\/wp-content\/uploads\/2024\/09\/2-7-300x300.png 300w, https:\/\/agatagajewska.stronazen.pl\/wp-content\/uploads\/2024\/09\/2-7-1024x1024.png 1024w, https:\/\/agatagajewska.stronazen.pl\/wp-content\/uploads\/2024\/09\/2-7-150x150.png 150w, https:\/\/agatagajewska.stronazen.pl\/wp-content\/uploads\/2024\/09\/2-7-768x768.png 768w, https:\/\/agatagajewska.stronazen.pl\/wp-content\/uploads\/2024\/09\/2-7-600x600.png 600w\" sizes=\"(max-width: 1080px) 100vw, 1080px\"><\/div>\n\t<\/div><\/figure>\n\n<\/div>\n<\/div><div class=\"bde-column-22-227 bde-column\">\n  \n  \n\t\n\n\n\n<div id=\"omnie\" class=\"bde-image-22-305 bde-image\">\n<figure class=\"breakdance-image breakdance-image--242\">\n\t<div class=\"breakdance-image-container\">\n\t\t<div class=\"breakdance-image-clip\"><img loading=\"lazy\" decoding=\"async\" class=\"breakdance-image-object\" src=\"http:\/\/agatagajewska.stronazen.pl\/wp-content\/uploads\/2024\/09\/dfdfddfsaa.jpg\" width=\"1080\" height=\"1080\" srcset=\"http:\/\/agatagajewska.stronazen.pl\/wp-content\/uploads\/2024\/09\/dfdfddfsaa.jpg 1080w, http:\/\/agatagajewska.stronazen.pl\/wp-content\/uploads\/2024\/09\/dfdfddfsaa-300x300.jpg 300w, http:\/\/agatagajewska.stronazen.pl\/wp-content\/uploads\/2024\/09\/dfdfddfsaa-1024x1024.jpg 1024w, http:\/\/agatagajewska.stronazen.pl\/wp-content\/uploads\/2024\/09\/dfdfddfsaa-150x150.jpg 150w, http:\/\/agatagajewska.stronazen.pl\/wp-content\/uploads\/2024\/09\/dfdfddfsaa-768x768.jpg 768w\" sizes=\"(max-width: 1080px) 100vw, 1080px\"><\/div>\n\t<\/div><\/figure>\n\n<\/div><h1 class=\"bde-heading-22-282 bde-heading\">\nO mnie\n<\/h1><div class=\"bde-fancy-divider-22-279 bde-fancy-divider\">\n\n\n<div class=\"bde-fancy-divider__wrapper\">\n  <div class=\"bde-fancy-divider__separator   has-pattern\">\n  \t  <\/div>\n<\/div>\n\n<\/div><div class=\"bde-rich-text-22-229 bde-rich-text breakdance-rich-text-styles\">\n<p>Moja podr\u00f3\u017c ku zdrowiu i wiedzy rozpocz\u0119\u0142a si\u0119 10 lat temu, kiedy sama zacz\u0119\u0142am zmaga\u0107 si\u0119 z r\u00f3\u017cnymi dolegliwo\u015bciami zdrowotnymi.<\/p>\n<p>Zdecydowa\u0142am si\u0119 wzi\u0105\u0107 sprawy w swoje r\u0119ce i samodzielnie odnale\u017a\u0107 przyczyn\u0119 swoich problem\u00f3w. W wyniku wielu bada\u0144 i zg\u0142\u0119biania wiedzy z zakresu dietetyki oraz naturalnych metod leczenia, okaza\u0142o si\u0119 \u017ce mam celiaki\u0119. To odkrycie by\u0142o kluczowe dla mojego powrotu do zdrowia. Dzi\u0119ki zmianom w diecie, suplementacji oraz uzupe\u0142nieniu niedobor\u00f3w, mog\u0142am poczu\u0107 si\u0119 lepiej i odzyska\u0107 zdrowie.<br \/><br \/><br \/>Dietetyka, suplementacja i interpretacja bada\u0144 sta\u0142y si\u0119 moj\u0105 pasj\u0105. Dzi\u015b chc\u0119 podzieli\u0107 si\u0119 z Tob\u0105 t\u0105 wiedz\u0105, kt\u00f3r\u0105 zdoby\u0142am przez lata, aby pom\u00f3c Ci zrozumie\u0107 swoje cia\u0142o i zadba\u0107 o nie w spos\u00f3b holistyczny. Nie czekaj, a\u017c Twoje zdrowie si\u0119 pogorszy \u2013 zacznij dzia\u0142a\u0107 ju\u017c dzi\u015b, ma\u0142ymi krokami, aby za rok by\u0107 w zupe\u0142nie innym miejscu.<\/p>\n<\/div><div class=\"bde-button-22-230 bde-button\">\n    \n                                    \n    \n    \n    \n    \n            \n                    \n            \n            \n\n    \n    \n    \n    \n    \n    <a class=\"breakdance-link button-atom button-atom--primary bde-button__button\" href=\"https:\/\/agatagajewska.stronazen.pl\/index.php\/wspolpraca\/\" target=\"_self\" data-type=\"url\"  >\n\n    \n        <span class=\"button-atom__text\">warunki wsp\u00f3\u0142pracy<\/span>\n\n        \n        \n                <\/a>\n\n    \n\n\n<\/div>\n<\/div><\/div><\/div>\n<\/section><section class=\"bde-section-22-238 bde-section\">\n              \n  \n  \n\t\n\n  <div class=\"section-background-overlay\"><\/div>\n\n\n<div class=\"section-container\"><div class=\"bde-columns-22-246 bde-columns\"><div class=\"bde-column-22-247 bde-column\">\n  \n  \n\t\n\n\n\n<h1 class=\"bde-heading-22-248 bde-heading\">\nCzym si\u0119 zajmuj\u0119?<br>\n<\/h1><h3 class=\"bde-heading-22-280 bde-heading\">\nInterpretacja wynik\u00f3w bada\u0144\n<\/h3><div class=\"bde-fancy-divider-22-284 bde-fancy-divider\">\n\n\n<div class=\"bde-fancy-divider__wrapper\">\n  <div class=\"bde-fancy-divider__separator   has-pattern\">\n  \t  <\/div>\n<\/div>\n\n<\/div><div class=\"bde-rich-text-22-249 bde-rich-text breakdance-rich-text-styles\">\n<p>Pracuj\u0119 z osobami doros\u0142ymi, kt\u00f3re chc\u0105 zadba\u0107 o swoje zdrowie na g\u0142\u0119bszym poziomie, z uwzgl\u0119dnieniem ca\u0142ego organizmu, a nie tylko objaw\u00f3w. Specjalizuj\u0119 si\u0119 w problemach takich jak choroby tarczycy, anemia oraz inne choroby cywilizacyjne. Moim celem jest odkrycie prawdziwych przyczyn dolegliwo\u015bci i zaproponowanie rozwi\u0105za\u0144, kt\u00f3re skutecznie wspieraj\u0105 powr\u00f3t do zdrowia i lepsze samopoczucie. Interpretuj\u0119 wyniki bada\u0144 nie tylko na podstawie norm laboratoryjnych, ale tak\u017ce funkcjonalnych, co pozwala na bardziej precyzyjn\u0105 ocen\u0119 stanu zdrowia i okre\u015blenie obszar\u00f3w, kt\u00f3re wymagaj\u0105\u00a0poprawy.<\/p>\n<\/div><div class=\"bde-button-22-250 bde-button\">\n    \n                        \n                        \n    \n    \n    \n    \n            \n                    \n            \n            \n\n    \n    \n    \n    \n    \n    <a class=\"breakdance-link button-atom button-atom--primary bde-button__button\" href=\"#kontakt\" target=\"_self\" data-type=\"url\"  >\n\n    \n        <span class=\"button-atom__text\">NAPISZ DO MNIE<\/span>\n\n        \n        \n                <\/a>\n\n    \n\n\n<\/div>\n<\/div><div class=\"bde-column-22-251 bde-column\">\n  \n  \n\t\n\n\n\n<div class=\"bde-image-22-304 bde-image\">\n<figure class=\"breakdance-image breakdance-image--392\">\n\t<div class=\"breakdance-image-container\">\n\t\t<div class=\"breakdance-image-clip\"><img loading=\"lazy\" decoding=\"async\" class=\"breakdance-image-object\" src=\"https:\/\/agatagajewska.stronazen.pl\/wp-content\/uploads\/2024\/09\/asdasdsadawwe.png\" width=\"2000\" height=\"2000\" srcset=\"https:\/\/agatagajewska.stronazen.pl\/wp-content\/uploads\/2024\/09\/asdasdsadawwe.png 2000w, https:\/\/agatagajewska.stronazen.pl\/wp-content\/uploads\/2024\/09\/asdasdsadawwe-300x300.png 300w, https:\/\/agatagajewska.stronazen.pl\/wp-content\/uploads\/2024\/09\/asdasdsadawwe-1024x1024.png 1024w, https:\/\/agatagajewska.stronazen.pl\/wp-content\/uploads\/2024\/09\/asdasdsadawwe-150x150.png 150w, https:\/\/agatagajewska.stronazen.pl\/wp-content\/uploads\/2024\/09\/asdasdsadawwe-768x768.png 768w, https:\/\/agatagajewska.stronazen.pl\/wp-content\/uploads\/2024\/09\/asdasdsadawwe-1536x1536.png 1536w\" sizes=\"(max-width: 2000px) 100vw, 2000px\"><\/div>\n\t<\/div><\/figure>\n\n<\/div>\n<\/div><\/div><\/div>\n<\/section><section class=\"bde-section-22-400 bde-section\">\n              \n  \n  \n\t\n\n  <div class=\"section-background-overlay\"><\/div>\n\n\n<div class=\"section-container\"><div class=\"bde-div-22-401 bde-div\">\n  \n  \n\t\n\n\n\n<h1 id=\"kontakt\" class=\"bde-heading-22-425 bde-heading\">\nSKLEP\n<\/h1><div class=\"bde-text-22-402 bde-text\">\nEbooki, poradniki.\n<\/div><div class=\"bde-fancy-divider-22-418 bde-fancy-divider\">\n\n\n<div class=\"bde-fancy-divider__wrapper\">\n  <div class=\"bde-fancy-divider__separator   has-pattern\">\n  \t  <\/div>\n<\/div>\n\n<\/div>\n<\/div><div class=\"bde-div-22-416 bde-div\">\n  \n  \n\t\n\n\n\n<div class=\"bde-wooproductslist-22-415 bde-wooproductslist breakdance-woocommerce\"><div class=\"breakdance-swiper-wrapper\" data-swiper-id=\"415\"><div class=\"woocommerce swiper\"><ul class=\"products\">\n<li class=\"product type-product post-540 status-publish first instock product_cat-bez-kategorii has-post-thumbnail downloadable shipping-taxable purchasable product-type-simple\" >\n\t<a href=\"https:\/\/agatagajewska.stronazen.pl\/index.php\/produkt\/badaj-nie-zgaduj-interpretacja-wynikow-badan-kalu\/\" class=\"woocommerce-LoopProduct-link woocommerce-loop-product__link\"><div class=\"bde-woo-product-image\"><img loading=\"lazy\" decoding=\"async\" width=\"300\" height=\"300\" src=\"https:\/\/agatagajewska.stronazen.pl\/wp-content\/uploads\/2024\/09\/screenshot_2024-09-16-21-13-24-86_e2d5b3f32b79de1d45acd1fad96fbb0f2-300x300.jpg\" class=\"attachment-woocommerce_thumbnail size-woocommerce_thumbnail\" alt=\"Badaj, nie zgaduj \u2013 interpretacja wynik\u00f3w bada\u0144 ka\u0142u\" srcset=\"https:\/\/agatagajewska.stronazen.pl\/wp-content\/uploads\/2024\/09\/screenshot_2024-09-16-21-13-24-86_e2d5b3f32b79de1d45acd1fad96fbb0f2-300x300.jpg 300w, https:\/\/agatagajewska.stronazen.pl\/wp-content\/uploads\/2024\/09\/screenshot_2024-09-16-21-13-24-86_e2d5b3f32b79de1d45acd1fad96fbb0f2-150x150.jpg 150w\" sizes=\"(max-width: 300px) 100vw, 300px\" \/><\/div><h2 class=\"woocommerce-loop-product__title\">Badaj, nie zgaduj \u2013 interpretacja wynik\u00f3w bada\u0144 ka\u0142u<\/h2>\n\t<span class=\"price\"><span class=\"woocommerce-Price-amount amount\"><bdi>78,00&nbsp;<span class=\"woocommerce-Price-currencySymbol\">&#122;&#322;<\/span><\/bdi><\/span><\/span>\n<\/a><div class=\"bde-woo-product-footer\"><a href=\"?add-to-cart=540\" aria-describedby=\"woocommerce_loop_add_to_cart_link_describedby_540\" data-quantity=\"1\" class=\"button product_type_simple add_to_cart_button ajax_add_to_cart\" data-product_id=\"540\" data-product_sku=\"\" aria-label=\"Dodaj do koszyka: &bdquo;Badaj, nie zgaduj \u2013 interpretacja wynik\u00f3w bada\u0144 ka\u0142u&rdquo;\" rel=\"nofollow\" data-success_message=\"&ldquo;Badaj, nie zgaduj \u2013 interpretacja wynik\u00f3w bada\u0144 ka\u0142u&rdquo; has been added to your cart\">Dodaj do koszyka<\/a>\t<span id=\"woocommerce_loop_add_to_cart_link_describedby_540\" class=\"screen-reader-text\">\n\t\t\t<\/span>\n<\/div><\/li>\n<li class=\"product type-product post-496 status-publish instock product_cat-bez-kategorii has-post-thumbnail downloadable shipping-taxable purchasable product-type-simple\" >\n\t<a href=\"https:\/\/agatagajewska.stronazen.pl\/index.php\/produkt\/suplementacja-z-glowa\/\" class=\"woocommerce-LoopProduct-link woocommerce-loop-product__link\"><div class=\"bde-woo-product-image\"><img loading=\"lazy\" decoding=\"async\" width=\"300\" height=\"300\" src=\"https:\/\/agatagajewska.stronazen.pl\/wp-content\/uploads\/2024\/09\/screenshot_2024-09-16-21-09-36-19_e2d5b3f32b79de1d45acd1fad96fbb0f2-300x300.jpg\" class=\"attachment-woocommerce_thumbnail size-woocommerce_thumbnail\" alt=\"Suplementacja z g\u0142ow\u0105\" srcset=\"https:\/\/agatagajewska.stronazen.pl\/wp-content\/uploads\/2024\/09\/screenshot_2024-09-16-21-09-36-19_e2d5b3f32b79de1d45acd1fad96fbb0f2-300x300.jpg 300w, https:\/\/agatagajewska.stronazen.pl\/wp-content\/uploads\/2024\/09\/screenshot_2024-09-16-21-09-36-19_e2d5b3f32b79de1d45acd1fad96fbb0f2-150x150.jpg 150w\" sizes=\"(max-width: 300px) 100vw, 300px\" \/><\/div><h2 class=\"woocommerce-loop-product__title\">Suplementacja z g\u0142ow\u0105<\/h2>\n\t<span class=\"price\"><span class=\"woocommerce-Price-amount amount\"><bdi>67,00&nbsp;<span class=\"woocommerce-Price-currencySymbol\">&#122;&#322;<\/span><\/bdi><\/span><\/span>\n<\/a><div class=\"bde-woo-product-footer\"><a href=\"?add-to-cart=496\" aria-describedby=\"woocommerce_loop_add_to_cart_link_describedby_496\" data-quantity=\"1\" class=\"button product_type_simple add_to_cart_button ajax_add_to_cart\" data-product_id=\"496\" data-product_sku=\"\" aria-label=\"Dodaj do koszyka: &bdquo;Suplementacja z g\u0142ow\u0105&rdquo;\" rel=\"nofollow\" data-success_message=\"&ldquo;Suplementacja z g\u0142ow\u0105&rdquo; has been added to your cart\">Dodaj do koszyka<\/a>\t<span id=\"woocommerce_loop_add_to_cart_link_describedby_496\" class=\"screen-reader-text\">\n\t\t\t<\/span>\n<\/div><\/li>\n<li class=\"product type-product post-421 status-publish instock product_cat-bez-kategorii has-post-thumbnail downloadable shipping-taxable purchasable product-type-simple\" >\n\t<a href=\"https:\/\/agatagajewska.stronazen.pl\/index.php\/produkt\/normy-funkcjonalne\/\" class=\"woocommerce-LoopProduct-link woocommerce-loop-product__link\"><div class=\"bde-woo-product-image\"><img loading=\"lazy\" decoding=\"async\" width=\"300\" height=\"300\" src=\"https:\/\/agatagajewska.stronazen.pl\/wp-content\/uploads\/2024\/09\/screenshot_2024-09-17-10-25-48-46_e2d5b3f32b79de1d45acd1fad96fbb0f2-300x300.jpg\" class=\"attachment-woocommerce_thumbnail size-woocommerce_thumbnail\" alt=\"Normy Funkcjonalne\" srcset=\"https:\/\/agatagajewska.stronazen.pl\/wp-content\/uploads\/2024\/09\/screenshot_2024-09-17-10-25-48-46_e2d5b3f32b79de1d45acd1fad96fbb0f2-300x300.jpg 300w, https:\/\/agatagajewska.stronazen.pl\/wp-content\/uploads\/2024\/09\/screenshot_2024-09-17-10-25-48-46_e2d5b3f32b79de1d45acd1fad96fbb0f2-150x150.jpg 150w\" sizes=\"(max-width: 300px) 100vw, 300px\" \/><\/div><h2 class=\"woocommerce-loop-product__title\">Normy Funkcjonalne<\/h2>\n\t<span class=\"price\"><span class=\"woocommerce-Price-amount amount\"><bdi>90,00&nbsp;<span class=\"woocommerce-Price-currencySymbol\">&#122;&#322;<\/span><\/bdi><\/span><\/span>\n<\/a><div class=\"bde-woo-product-footer\"><a href=\"?add-to-cart=421\" aria-describedby=\"woocommerce_loop_add_to_cart_link_describedby_421\" data-quantity=\"1\" class=\"button product_type_simple add_to_cart_button ajax_add_to_cart\" data-product_id=\"421\" data-product_sku=\"\" aria-label=\"Dodaj do koszyka: &bdquo;Normy Funkcjonalne&rdquo;\" rel=\"nofollow\" data-success_message=\"&ldquo;Normy Funkcjonalne&rdquo; has been added to your cart\">Dodaj do koszyka<\/a>\t<span id=\"woocommerce_loop_add_to_cart_link_describedby_421\" class=\"screen-reader-text\">\n\t\t\t<\/span>\n<\/div><\/li>\n<\/ul>\n<\/div>\n            <div class=\"swiper-button-prev\">\n            \n        <\/div>\n        <div class=\"swiper-button-next\">\n            \n        <\/div>\n    \n            <div class=\"swiper-pagination\"><\/div>\n    \n<\/div>\r\n<\/div>\n<\/div><\/div>\n<\/section><section class=\"bde-section-22-285 bde-section\">\n              \n  \n  \n\t\n\n  <div class=\"section-background-overlay\"><\/div>\n\n\n<div class=\"section-container\"><div class=\"bde-columns-22-286 bde-columns\"><div class=\"bde-column-22-292 bde-column\">\n  \n  \n\t\n\n\n\n<div class=\"bde-instagram-post-22-302 bde-instagram-post\" data-entrance=\"zoomIn\"><div class=\"bde-instagram-post__wrapper js-ee-instagram-post\"><\/div>\r\n<\/div><div class=\"bde-masker-22-294 bde-masker\">\r\n<\/div>\n<\/div><div class=\"bde-column-22-287 bde-column\">\n  \n  \n\t\n\n\n\n<div class=\"bde-div-22-306 bde-div\">\n  \n  \n\t\n\n\n\n<h2 class=\"bde-heading-22-298 bde-heading\">\nZapraszam na moj\u0105 stron\u0119 na Instagramie.<br>\n<\/h2><div class=\"bde-fancy-divider-22-423 bde-fancy-divider\">\n\n\n<div class=\"bde-fancy-divider__wrapper\">\n  <div class=\"bde-fancy-divider__separator   has-pattern\">\n  \t  <\/div>\n<\/div>\n\n<\/div><div class=\"bde-div-22-371 bde-div\">\n              \n  \n  \n\t\n\n  <div class=\"section-background-overlay\"><\/div>\n\n\n<div class=\"bde-image-22-422 bde-image\">\n<figure class=\"breakdance-image breakdance-image--65\">\n\t<div class=\"breakdance-image-container\">\n\t\t<div class=\"breakdance-image-clip\"><img loading=\"lazy\" decoding=\"async\" class=\"breakdance-image-object\" src=\"https:\/\/agatagajewska.stronazen.pl\/wp-content\/uploads\/2024\/09\/Projekt-bez-nazwy.png\" width=\"1920\" height=\"1080\" srcset=\"https:\/\/agatagajewska.stronazen.pl\/wp-content\/uploads\/2024\/09\/Projekt-bez-nazwy.png 1920w, https:\/\/agatagajewska.stronazen.pl\/wp-content\/uploads\/2024\/09\/Projekt-bez-nazwy-300x169.png 300w, https:\/\/agatagajewska.stronazen.pl\/wp-content\/uploads\/2024\/09\/Projekt-bez-nazwy-1024x576.png 1024w, https:\/\/agatagajewska.stronazen.pl\/wp-content\/uploads\/2024\/09\/Projekt-bez-nazwy-768x432.png 768w, https:\/\/agatagajewska.stronazen.pl\/wp-content\/uploads\/2024\/09\/Projekt-bez-nazwy-1536x864.png 1536w\" sizes=\"(max-width: 1920px) 100vw, 1920px\"><\/div>\n\t<\/div><\/figure>\n\n<\/div><div class=\"bde-columns-22-376 bde-columns\"><div class=\"bde-column-22-377 bde-column\">\n  \n  \n\t\n\n\n\n<h1 class=\"bde-dual-heading-22-372 bde-dual-heading\">\n\n\n            <span data-style=\"primary\" class=\"dual-heading--primary  \">Wyniki bada\u0144<\/span>\n\n            <span data-style=\"secondary\" class=\"dual-heading--secondary  js-annotate\">holistycznie<\/span>\n\n\n\n<\/h1><div class=\"bde-button-22-291 bde-button\">\n    \n                        \n                        \n    \n    \n    \n    \n            \n                    \n            \n            \n\n    \n    \n    \n    \n    \n    <a class=\"breakdance-link button-atom button-atom--primary bde-button__button\" href=\"https:\/\/www.instagram.com\/wyniki_badan_holistycznie?igsh=aWhvZHR4MzdncG5s\" target=\"_self\" data-type=\"url\"  >\n\n    \n        <span class=\"button-atom__text\">przejd\u017a do INSTAGRAMA<\/span>\n\n        \n        \n                <\/a>\n\n    \n\n\n<\/div>\n<\/div><\/div>\n<\/div>\n<\/div>\n<\/div><\/div><\/div>\n<\/section>","protected":false},"excerpt":{"rendered":"","protected":false},"author":1,"featured_media":0,"parent":0,"menu_order":0,"comment_status":"closed","ping_status":"closed","template":"","meta":{"_breakdance_hide_in_design_set":false,"_breakdance_tags":"","footnotes":""},"class_list":["post-22","page","type-page","status-publish","hentry"],"_links":{"self":[{"href":"https:\/\/agatagajewska.stronazen.pl\/index.php\/wp-json\/wp\/v2\/pages\/22"}],"collection":[{"href":"https:\/\/agatagajewska.stronazen.pl\/index.php\/wp-json\/wp\/v2\/pages"}],"about":[{"href":"https:\/\/agatagajewska.stronazen.pl\/index.php\/wp-json\/wp\/v2\/types\/page"}],"author":[{"embeddable":true,"href":"https:\/\/agatagajewska.stronazen.pl\/index.php\/wp-json\/wp\/v2\/users\/1"}],"replies":[{"embeddable":true,"href":"https:\/\/agatagajewska.stronazen.pl\/index.php\/wp-json\/wp\/v2\/comments?post=22"}],"version-history":[{"count":379,"href":"https:\/\/agatagajewska.stronazen.pl\/index.php\/wp-json\/wp\/v2\/pages\/22\/revisions"}],"predecessor-version":[{"id":965,"href":"https:\/\/agatagajewska.stronazen.pl\/index.php\/wp-json\/wp\/v2\/pages\/22\/revisions\/965"}],"wp:attachment":[{"href":"https:\/\/agatagajewska.stronazen.pl\/index.php\/wp-json\/wp\/v2\/media?parent=22"}],"curies":[{"name":"wp","href":"https:\/\/api.w.org\/{rel}","templated":true}]}}